{"id":36211,"date":"2024-10-10T09:06:24","date_gmt":"2024-10-10T07:06:24","guid":{"rendered":"https:\/\/www.heveainvest.com\/weissbuch\/"},"modified":"2026-03-03T10:09:08","modified_gmt":"2026-03-03T09:09:08","slug":"weissbuch","status":"publish","type":"page","link":"https:\/\/www.heveainvest.com\/de\/weissbuch\/","title":{"rendered":"Wei\u00dfbuch"},"content":{"rendered":"\t\t<div data-elementor-type=\"wp-page\" data-elementor-id=\"36211\" class=\"elementor elementor-36211 elementor-29365\" data-elementor-post-type=\"page\">\n\t\t\t\t\t\t<section class=\"elementor-section elementor-top-section elementor-element elementor-element-2f62fd25 elementor-section-boxed elementor-section-height-default elementor-section-height-default\" data-id=\"2f62fd25\" data-element_type=\"section\" data-e-type=\"section\" data-settings=\"{&quot;background_background&quot;:&quot;classic&quot;}\">\n\t\t\t\t\t\t\t<div class=\"elementor-background-overlay\"><\/div>\n\t\t\t\t\t\t\t<div class=\"elementor-container elementor-column-gap-default\">\n\t\t\t\t\t<div class=\"elementor-column elementor-col-100 elementor-top-column elementor-element elementor-element-1c8c783\" data-id=\"1c8c783\" data-element_type=\"column\" data-e-type=\"column\">\n\t\t\t<div class=\"elementor-widget-wrap elementor-element-populated\">\n\t\t\t\t\t\t<div class=\"elementor-element elementor-element-3bc7c76f elementor-widget elementor-widget-heading\" data-id=\"3bc7c76f\" data-element_type=\"widget\" data-e-type=\"widget\" data-widget_type=\"heading.default\">\n\t\t\t\t<div class=\"elementor-widget-container\">\n\t\t\t\t\t<h1 class=\"elementor-heading-title elementor-size-default\">Wei\u00dfbuch<\/h1>\t\t\t\t<\/div>\n\t\t\t\t<\/div>\n\t\t\t\t\t<\/div>\n\t\t<\/div>\n\t\t\t\t\t<\/div>\n\t\t<\/section>\n\t\t\t\t<section class=\"elementor-section elementor-top-section elementor-element elementor-element-e652e9b elementor-section-boxed elementor-section-height-default elementor-section-height-default\" data-id=\"e652e9b\" data-element_type=\"section\" data-e-type=\"section\">\n\t\t\t\t\t\t<div class=\"elementor-container elementor-column-gap-default\">\n\t\t\t\t\t<div class=\"elementor-column elementor-col-100 elementor-top-column elementor-element elementor-element-2182f445\" data-id=\"2182f445\" data-element_type=\"column\" data-e-type=\"column\" data-settings=\"{&quot;background_background&quot;:&quot;classic&quot;}\">\n\t\t\t<div class=\"elementor-widget-wrap elementor-element-populated\">\n\t\t\t\t\t\t<section class=\"elementor-section elementor-inner-section elementor-element elementor-element-f4384ce elementor-section-content-middle elementor-section-boxed elementor-section-height-default elementor-section-height-default\" data-id=\"f4384ce\" data-element_type=\"section\" data-e-type=\"section\">\n\t\t\t\t\t\t<div class=\"elementor-container elementor-column-gap-default\">\n\t\t\t\t\t<div class=\"elementor-column elementor-col-50 elementor-inner-column elementor-element elementor-element-59ae1a6\" data-id=\"59ae1a6\" data-element_type=\"column\" data-e-type=\"column\">\n\t\t\t<div class=\"elementor-widget-wrap elementor-element-populated\">\n\t\t\t\t\t\t<div class=\"elementor-element elementor-element-44a6d96f elementor-widget elementor-widget-heading\" data-id=\"44a6d96f\" data-element_type=\"widget\" data-e-type=\"widget\" data-widget_type=\"heading.default\">\n\t\t\t\t<div class=\"elementor-widget-container\">\n\t\t\t\t\t<h3 class=\"elementor-heading-title elementor-size-default\">Als Marktf\u00fchrer in der Schweiz bietet Hevea Invest ein solides Know-how und ein breites Spektrum an Dienstleistungen f\u00fcr Unternehmensgr\u00fcnder.<\/h3>\t\t\t\t<\/div>\n\t\t\t\t<\/div>\n\t\t\t\t<div class=\"elementor-element elementor-element-4f05abf1 elementor-widget elementor-widget-text-editor\" data-id=\"4f05abf1\" data-element_type=\"widget\" data-e-type=\"widget\" data-widget_type=\"text-editor.default\">\n\t\t\t\t<div class=\"elementor-widget-container\">\n\t\t\t\t\t\t\t\t\t<p>Laden Sie kostenlos unser kompaktes Wissen zu allen Fragen herunter, die Sie im Kopf haben, wenn Sie sich auf das gro\u00dfe Abenteuer der Unabh\u00e4ngigkeit einlassen m\u00f6chten.<\/p>\t\t\t\t\t\t\t\t<\/div>\n\t\t\t\t<\/div>\n\t\t\t\t<div class=\"elementor-element elementor-element-57542ec elementor-button-align-stretch elementor-widget elementor-widget-form\" data-id=\"57542ec\" data-element_type=\"widget\" data-e-type=\"widget\" data-settings=\"{&quot;step_next_label&quot;:&quot;Weiter&quot;,&quot;step_previous_label&quot;:&quot;Vorherige&quot;,&quot;button_width&quot;:&quot;100&quot;,&quot;step_type&quot;:&quot;number_text&quot;,&quot;step_icon_shape&quot;:&quot;circle&quot;}\" data-widget_type=\"form.default\">\n\t\t\t\t<div class=\"elementor-widget-container\">\n\t\t\t\t\t        <input type=\"hidden\" class=\"conditional_logic_data_js hidden\" data-form-id=\"Neues Formular\" value=\"[]\" \/>\r\n\t\t<form class=\"elementor-form\" method=\"post\" name=\"Neues Formular\" aria-label=\"Neues Formular\">\n\t\t\t<input type=\"hidden\" name=\"post_id\" value=\"36211\"\/>\n\t\t\t<input type=\"hidden\" name=\"form_id\" value=\"57542ec\"\/>\n\t\t\t<input type=\"hidden\" name=\"referer_title\" value=\"Livre blanc : cr\u00e9er son entreprise en Suisse | HEVEA Invest\" \/>\n\n\t\t\t\t\t\t\t<input type=\"hidden\" name=\"queried_id\" value=\"36211\"\/>\n\t\t\t\n\t\t\t<div class=\"elementor-form-fields-wrapper elementor-labels-above\">\n\t\t\t\t\t\t\t\t<div class=\"elementor-field-type-radio elementor-field-group elementor-column elementor-field-group-name elementor-col-100 elementor-field-required\">\n\t\t\t\t\t\t\t\t\t\t\t\t<label for=\"form-field-name\" class=\"elementor-field-label\">\n\t\t\t\t\t\t\t\tJe suis :\t\t\t\t\t\t\t<\/label>\n\t\t\t\t\t\t<div class=\"elementor-field-subgroup  elementor-subgroup-inline\"><span class=\"elementor-field-option\"><input type=\"radio\" value=\"Angestellter\" id=\"form-field-name-0\" name=\"form_fields[name]\" required=\"required\"> <label for=\"form-field-name-0\">Angestellter<\/label><\/span><span class=\"elementor-field-option\"><input type=\"radio\" value=\"Unternehmensleiter\" id=\"form-field-name-1\" name=\"form_fields[name]\" required=\"required\"> <label for=\"form-field-name-1\">Unternehmensleiter<\/label><\/span><\/div>\t\t\t\t<\/div>\n\t\t\t\t\t\t\t\t<div class=\"elementor-field-type-text elementor-field-group elementor-column elementor-field-group-field_a9240ee elementor-col-50 elementor-field-required\">\n\t\t\t\t\t\t\t\t\t\t\t\t<label for=\"form-field-field_a9240ee\" class=\"elementor-field-label\">\n\t\t\t\t\t\t\t\tVorname\t\t\t\t\t\t\t<\/label>\n\t\t\t\t\t\t\t\t\t\t\t\t\t\t<input size=\"1\" type=\"text\" name=\"form_fields[field_a9240ee]\" id=\"form-field-field_a9240ee\" class=\"elementor-field elementor-size-sm  elementor-field-textual\" placeholder=\"Pr\u00e9nom\" required=\"required\">\n\t\t\t\t\t\t\t\t\t\t\t<\/div>\n\t\t\t\t\t\t\t\t<div class=\"elementor-field-type-text elementor-field-group elementor-column elementor-field-group-field_ef3ac23 elementor-col-50 elementor-field-required\">\n\t\t\t\t\t\t\t\t\t\t\t\t<label for=\"form-field-field_ef3ac23\" class=\"elementor-field-label\">\n\t\t\t\t\t\t\t\tNom\t\t\t\t\t\t\t<\/label>\n\t\t\t\t\t\t\t\t\t\t\t\t\t\t<input size=\"1\" type=\"text\" name=\"form_fields[field_ef3ac23]\" id=\"form-field-field_ef3ac23\" class=\"elementor-field elementor-size-sm  elementor-field-textual\" placeholder=\"Nom\" required=\"required\">\n\t\t\t\t\t\t\t\t\t\t\t<\/div>\n\t\t\t\t\t\t\t\t<div class=\"elementor-field-type-tel elementor-field-group elementor-column elementor-field-group-field_a726d62 elementor-col-100 elementor-field-required\">\n\t\t\t\t\t\t\t\t\t\t\t\t<label for=\"form-field-field_a726d62\" class=\"elementor-field-label\">\n\t\t\t\t\t\t\t\tTelefon\t\t\t\t\t\t\t<\/label>\n\t\t\t\t\t\t\t\t<input size=\"1\" type=\"tel\" name=\"form_fields[field_a726d62]\" id=\"form-field-field_a726d62\" class=\"elementor-field elementor-size-sm  elementor-field-textual\" placeholder=\"Telefon\" required=\"required\" pattern=\"[0-9()#&amp;+*-=.]+\" title=\"Only numbers and phone characters (#, -, *, etc) are accepted.\">\n\n\t\t\t\t\t\t<\/div>\n\t\t\t\t\t\t\t\t<div class=\"elementor-field-type-email elementor-field-group elementor-column elementor-field-group-email elementor-col-100 elementor-field-required\">\n\t\t\t\t\t\t\t\t\t\t\t\t<label for=\"form-field-email\" class=\"elementor-field-label\">\n\t\t\t\t\t\t\t\tE-Mail\t\t\t\t\t\t\t<\/label>\n\t\t\t\t\t\t\t\t\t\t\t\t\t\t<input size=\"1\" type=\"email\" name=\"form_fields[email]\" id=\"form-field-email\" class=\"elementor-field elementor-size-sm  elementor-field-textual\" placeholder=\"E-Mail\" required=\"required\">\n\t\t\t\t\t\t\t\t\t\t\t<\/div>\n\t\t\t\t\t\t\t\t<div class=\"elementor-field-group elementor-column elementor-field-type-submit elementor-col-100 e-form__buttons\">\n\t\t\t\t\t<button class=\"elementor-button elementor-size-sm\" type=\"submit\">\n\t\t\t\t\t\t<span class=\"elementor-button-content-wrapper\">\n\t\t\t\t\t\t\t\t\t\t\t\t\t\t\t\t\t\t\t\t\t\t<span class=\"elementor-button-text\">Erhalten Sie das Whitepaper kostenlos<\/span>\n\t\t\t\t\t\t\t\t\t\t\t\t\t<\/span>\n\t\t\t\t\t<\/button>\n\t\t\t\t<\/div>\n\t\t\t<\/div>\n\t\t<\/form>\n\t\t\t\t\t\t<\/div>\n\t\t\t\t<\/div>\n\t\t\t\t\t<\/div>\n\t\t<\/div>\n\t\t\t\t<div class=\"elementor-column elementor-col-50 elementor-inner-column elementor-element elementor-element-4d9532c\" data-id=\"4d9532c\" data-element_type=\"column\" data-e-type=\"column\">\n\t\t\t<div class=\"elementor-widget-wrap elementor-element-populated\">\n\t\t\t\t\t\t<div class=\"elementor-element elementor-element-3f197740 elementor-widget elementor-widget-image\" data-id=\"3f197740\" data-element_type=\"widget\" data-e-type=\"widget\" data-widget_type=\"image.default\">\n\t\t\t\t<div class=\"elementor-widget-container\">\n\t\t\t\t\t\t\t\t\t\t\t\t\t\t\t<img fetchpriority=\"high\" decoding=\"async\" width=\"385\" height=\"570\" src=\"https:\/\/www.heveainvest.com\/wp-content\/uploads\/2025\/10\/Livre_bl.png\" class=\"attachment-large size-large wp-image-35760\" alt=\"\" srcset=\"https:\/\/www.heveainvest.com\/wp-content\/uploads\/2025\/10\/Livre_bl.png 385w, https:\/\/www.heveainvest.com\/wp-content\/uploads\/2025\/10\/Livre_bl-203x300.png 203w\" sizes=\"(max-width: 385px) 100vw, 385px\" \/>\t\t\t\t\t\t\t\t\t\t\t\t\t\t\t<\/div>\n\t\t\t\t<\/div>\n\t\t\t\t\t<\/div>\n\t\t<\/div>\n\t\t\t\t\t<\/div>\n\t\t<\/section>\n\t\t\t\t\t<\/div>\n\t\t<\/div>\n\t\t\t\t\t<\/div>\n\t\t<\/section>\n\t\t\t\t<section class=\"elementor-section elementor-top-section elementor-element elementor-element-2c333703 elementor-section-boxed elementor-section-height-default elementor-section-height-default\" data-id=\"2c333703\" data-element_type=\"section\" data-e-type=\"section\" data-settings=\"{&quot;background_background&quot;:&quot;classic&quot;}\">\n\t\t\t\t\t\t<div class=\"elementor-container elementor-column-gap-default\">\n\t\t\t\t\t<div class=\"elementor-column elementor-col-100 elementor-top-column elementor-element elementor-element-3ad460ec\" data-id=\"3ad460ec\" data-element_type=\"column\" data-e-type=\"column\">\n\t\t\t<div class=\"elementor-widget-wrap elementor-element-populated\">\n\t\t\t\t\t\t<div class=\"elementor-element elementor-element-196aa700 elementor-widget elementor-widget-spacer\" data-id=\"196aa700\" data-element_type=\"widget\" data-e-type=\"widget\" data-widget_type=\"spacer.default\">\n\t\t\t\t<div class=\"elementor-widget-container\">\n\t\t\t\t\t\t\t<div class=\"elementor-spacer\">\n\t\t\t<div class=\"elementor-spacer-inner\"><\/div>\n\t\t<\/div>\n\t\t\t\t\t\t<\/div>\n\t\t\t\t<\/div>\n\t\t\t\t<div class=\"elementor-element elementor-element-6e84dd2e elementor-widget elementor-widget-heading\" data-id=\"6e84dd2e\" data-element_type=\"widget\" data-e-type=\"widget\" data-widget_type=\"heading.default\">\n\t\t\t\t<div class=\"elementor-widget-container\">\n\t\t\t\t\t<h2 class=\"elementor-heading-title elementor-size-default\">Die Gr\u00fcndung eines Unternehmens ist nicht nur eine Frage der Formalit\u00e4ten, sondern auch ein entscheidender Schritt, um Ihr unternehmerisches Vorhaben zu strukturieren und abzusichern.<\/h2>\t\t\t\t<\/div>\n\t\t\t\t<\/div>\n\t\t\t\t<div class=\"elementor-element elementor-element-e6e9d07 elementor-widget-divider--view-line elementor-widget elementor-widget-divider\" data-id=\"e6e9d07\" data-element_type=\"widget\" data-e-type=\"widget\" data-widget_type=\"divider.default\">\n\t\t\t\t<div class=\"elementor-widget-container\">\n\t\t\t\t\t\t\t<div class=\"elementor-divider\">\n\t\t\t<span class=\"elementor-divider-separator\">\n\t\t\t\t\t\t<\/span>\n\t\t<\/div>\n\t\t\t\t\t\t<\/div>\n\t\t\t\t<\/div>\n\t\t\t\t<div class=\"elementor-element elementor-element-225601aa elementor-widget elementor-widget-spacer\" data-id=\"225601aa\" data-element_type=\"widget\" data-e-type=\"widget\" data-widget_type=\"spacer.default\">\n\t\t\t\t<div class=\"elementor-widget-container\">\n\t\t\t\t\t\t\t<div class=\"elementor-spacer\">\n\t\t\t<div class=\"elementor-spacer-inner\"><\/div>\n\t\t<\/div>\n\t\t\t\t\t\t<\/div>\n\t\t\t\t<\/div>\n\t\t\t\t<div class=\"elementor-element elementor-element-1bbb5c9 elementor-widget elementor-widget-text-editor\" data-id=\"1bbb5c9\" data-element_type=\"widget\" data-e-type=\"widget\" data-widget_type=\"text-editor.default\">\n\t\t\t\t<div class=\"elementor-widget-container\">\n\t\t\t\t\t\t\t\t\t<h3>Das Wichtigste ist, den Schritt zu wagen<\/h3><p>Sobald Ihr Projekt strukturiert ist und die ersten Schritte unternommen wurden, k\u00f6nnen Sie Ihre T\u00e4tigkeit in aller Ruhe entwickeln und von einem sicheren Rahmen profitieren, um Ihr Unternehmen ohne gro\u00dfes Risiko wachsen zu lassen.<\/p><p>Bereit, loszulegen? Kontaktieren Sie uns noch heute&#8230;<\/p>\t\t\t\t\t\t\t\t<\/div>\n\t\t\t\t<\/div>\n\t\t\t\t<div class=\"elementor-element elementor-element-504a7db6 elementor-widget elementor-widget-spacer\" data-id=\"504a7db6\" data-element_type=\"widget\" data-e-type=\"widget\" data-widget_type=\"spacer.default\">\n\t\t\t\t<div class=\"elementor-widget-container\">\n\t\t\t\t\t\t\t<div class=\"elementor-spacer\">\n\t\t\t<div class=\"elementor-spacer-inner\"><\/div>\n\t\t<\/div>\n\t\t\t\t\t\t<\/div>\n\t\t\t\t<\/div>\n\t\t\t\t<div class=\"elementor-element elementor-element-2fecc5ed elementor-align-center elementor-widget elementor-widget-button\" data-id=\"2fecc5ed\" data-element_type=\"widget\" data-e-type=\"widget\" data-widget_type=\"button.default\">\n\t\t\t\t<div class=\"elementor-widget-container\">\n\t\t\t\t\t\t\t\t\t<div class=\"elementor-button-wrapper\">\n\t\t\t\t\t<a class=\"elementor-button elementor-button-link elementor-size-sm\" href=\"https:\/\/www.heveainvest.com\/de\/contact\/\">\n\t\t\t\t\t\t<span class=\"elementor-button-content-wrapper\">\n\t\t\t\t\t\t\t\t\t<span class=\"elementor-button-text\">Ich gr\u00fcnde mein Unternehmen<\/span>\n\t\t\t\t\t<\/span>\n\t\t\t\t\t<\/a>\n\t\t\t\t<\/div>\n\t\t\t\t\t\t\t\t<\/div>\n\t\t\t\t<\/div>\n\t\t\t\t\t<\/div>\n\t\t<\/div>\n\t\t\t\t\t<\/div>\n\t\t<\/section>\n\t\t\t\t<\/div>\n\t\t","protected":false},"excerpt":{"rendered":"<p>Wei\u00dfbuch Als Marktf\u00fchrer in der Schweiz bietet Hevea Invest ein solides Know-how und ein breites Spektrum an Dienstleistungen f\u00fcr Unternehmensgr\u00fcnder. Laden Sie kostenlos unser kompaktes Wissen zu allen Fragen herunter, die Sie im Kopf haben, wenn Sie sich auf das gro\u00dfe Abenteuer der Unabh\u00e4ngigkeit einlassen m\u00f6chten. Die Gr\u00fcndung eines Unternehmens ist nicht nur eine Frage [&hellip;]<\/p>\n","protected":false},"author":11,"featured_media":0,"parent":0,"menu_order":0,"comment_status":"closed","ping_status":"closed","template":"elementor_header_footer","meta":{"footnotes":""},"class_list":["post-36211","page","type-page","status-publish","hentry"],"yoast_head":"<!-- This site is optimized with the Yoast SEO plugin v27.6 - https:\/\/yoast.com\/product\/yoast-seo-wordpress\/ -->\n<title>Livre blanc : cr\u00e9er son entreprise en Suisse | HEVEA Invest<\/title>\n<meta name=\"description\" content=\"Laden Sie unser kostenloses Whitepaper \u00fcber die Unternehmensgr\u00fcndung in der Schweiz herunter. Ein praktischer Leitfaden, um Ihr unternehmerisches Projekt zu starten.\" \/>\n<meta name=\"robots\" content=\"index, follow, max-snippet:-1, max-image-preview:large, max-video-preview:-1\" \/>\n<link rel=\"canonical\" href=\"https:\/\/www.heveainvest.com\/de\/weissbuch\/\" \/>\n<meta property=\"og:locale\" content=\"de_DE\" \/>\n<meta property=\"og:type\" content=\"article\" \/>\n<meta property=\"og:title\" content=\"Livre blanc : cr\u00e9er son entreprise en Suisse | HEVEA Invest\" \/>\n<meta property=\"og:description\" content=\"Laden Sie unser kostenloses Whitepaper \u00fcber die Unternehmensgr\u00fcndung in der Schweiz herunter. Ein praktischer Leitfaden, um Ihr unternehmerisches Projekt zu starten.\" \/>\n<meta property=\"og:url\" content=\"https:\/\/www.heveainvest.com\/de\/weissbuch\/\" \/>\n<meta property=\"og:site_name\" content=\"Heveainvest\" \/>\n<meta property=\"article:modified_time\" content=\"2026-03-03T09:09:08+00:00\" \/>\n<meta property=\"og:image\" content=\"https:\/\/www.heveainvest.com\/wp-content\/uploads\/2025\/10\/Livre_bl.png\" \/>\n\t<meta property=\"og:image:width\" content=\"385\" \/>\n\t<meta property=\"og:image:height\" content=\"570\" \/>\n\t<meta property=\"og:image:type\" content=\"image\/png\" \/>\n<meta name=\"twitter:card\" content=\"summary_large_image\" \/>\n<meta name=\"twitter:label1\" content=\"Gesch\u00e4tzte Lesezeit\" \/>\n\t<meta name=\"twitter:data1\" content=\"1\u00a0Minute\" \/>\n<script type=\"application\/ld+json\" class=\"yoast-schema-graph\">{\"@context\":\"https:\\\/\\\/schema.org\",\"@graph\":[{\"@type\":\"WebPage\",\"@id\":\"https:\\\/\\\/www.heveainvest.com\\\/de\\\/weissbuch\\\/\",\"url\":\"https:\\\/\\\/www.heveainvest.com\\\/de\\\/weissbuch\\\/\",\"name\":\"Livre blanc : cr\u00e9er son entreprise en Suisse | HEVEA Invest\",\"isPartOf\":{\"@id\":\"https:\\\/\\\/www.heveainvest.com\\\/de\\\/#website\"},\"primaryImageOfPage\":{\"@id\":\"https:\\\/\\\/www.heveainvest.com\\\/de\\\/weissbuch\\\/#primaryimage\"},\"image\":{\"@id\":\"https:\\\/\\\/www.heveainvest.com\\\/de\\\/weissbuch\\\/#primaryimage\"},\"thumbnailUrl\":\"https:\\\/\\\/www.heveainvest.com\\\/wp-content\\\/uploads\\\/2025\\\/10\\\/Livre_bl.png\",\"datePublished\":\"2024-10-10T07:06:24+00:00\",\"dateModified\":\"2026-03-03T09:09:08+00:00\",\"description\":\"Laden Sie unser kostenloses Whitepaper \u00fcber die Unternehmensgr\u00fcndung in der Schweiz herunter. Ein praktischer Leitfaden, um Ihr unternehmerisches Projekt zu starten.\",\"breadcrumb\":{\"@id\":\"https:\\\/\\\/www.heveainvest.com\\\/de\\\/weissbuch\\\/#breadcrumb\"},\"inLanguage\":\"de\",\"potentialAction\":[{\"@type\":\"ReadAction\",\"target\":[\"https:\\\/\\\/www.heveainvest.com\\\/de\\\/weissbuch\\\/\"]}]},{\"@type\":\"ImageObject\",\"inLanguage\":\"de\",\"@id\":\"https:\\\/\\\/www.heveainvest.com\\\/de\\\/weissbuch\\\/#primaryimage\",\"url\":\"https:\\\/\\\/www.heveainvest.com\\\/wp-content\\\/uploads\\\/2025\\\/10\\\/Livre_bl.png\",\"contentUrl\":\"https:\\\/\\\/www.heveainvest.com\\\/wp-content\\\/uploads\\\/2025\\\/10\\\/Livre_bl.png\"},{\"@type\":\"BreadcrumbList\",\"@id\":\"https:\\\/\\\/www.heveainvest.com\\\/de\\\/weissbuch\\\/#breadcrumb\",\"itemListElement\":[{\"@type\":\"ListItem\",\"position\":1,\"name\":\"Accueil\",\"item\":\"https:\\\/\\\/www.heveainvest.com\\\/de\\\/\"},{\"@type\":\"ListItem\",\"position\":2,\"name\":\"Wei\u00dfbuch\"}]},{\"@type\":\"WebSite\",\"@id\":\"https:\\\/\\\/www.heveainvest.com\\\/de\\\/#website\",\"url\":\"https:\\\/\\\/www.heveainvest.com\\\/de\\\/\",\"name\":\"HEVEA Invest \u00ae\",\"description\":\"Cr\u00e9ation d&#039;entreprise en Suisse\",\"publisher\":{\"@id\":\"https:\\\/\\\/www.heveainvest.com\\\/de\\\/#organization\"},\"potentialAction\":[{\"@type\":\"SearchAction\",\"target\":{\"@type\":\"EntryPoint\",\"urlTemplate\":\"https:\\\/\\\/www.heveainvest.com\\\/de\\\/?s={search_term_string}\"},\"query-input\":{\"@type\":\"PropertyValueSpecification\",\"valueRequired\":true,\"valueName\":\"search_term_string\"}}],\"inLanguage\":\"de\"},{\"@type\":\"Organization\",\"@id\":\"https:\\\/\\\/www.heveainvest.com\\\/de\\\/#organization\",\"name\":\"HEVEA Invest \u00ae\",\"url\":\"https:\\\/\\\/www.heveainvest.com\\\/de\\\/\",\"logo\":{\"@type\":\"ImageObject\",\"inLanguage\":\"de\",\"@id\":\"https:\\\/\\\/www.heveainvest.com\\\/de\\\/#\\\/schema\\\/logo\\\/image\\\/\",\"url\":\"https:\\\/\\\/www.heveainvest.com\\\/wp-content\\\/uploads\\\/2025\\\/09\\\/Logo_Noir_Fond_Transparent_HD.png\",\"contentUrl\":\"https:\\\/\\\/www.heveainvest.com\\\/wp-content\\\/uploads\\\/2025\\\/09\\\/Logo_Noir_Fond_Transparent_HD.png\",\"width\":1000,\"height\":1000,\"caption\":\"HEVEA Invest \u00ae\"},\"image\":{\"@id\":\"https:\\\/\\\/www.heveainvest.com\\\/de\\\/#\\\/schema\\\/logo\\\/image\\\/\"}}]}<\/script>\n<!-- \/ Yoast SEO plugin. -->","yoast_head_json":{"title":"Livre blanc : cr\u00e9er son entreprise en Suisse | HEVEA Invest","description":"Laden Sie unser kostenloses Whitepaper \u00fcber die Unternehmensgr\u00fcndung in der Schweiz herunter. Ein praktischer Leitfaden, um Ihr unternehmerisches Projekt zu starten.","robots":{"index":"index","follow":"follow","max-snippet":"max-snippet:-1","max-image-preview":"max-image-preview:large","max-video-preview":"max-video-preview:-1"},"canonical":"https:\/\/www.heveainvest.com\/de\/weissbuch\/","og_locale":"de_DE","og_type":"article","og_title":"Livre blanc : cr\u00e9er son entreprise en Suisse | HEVEA Invest","og_description":"Laden Sie unser kostenloses Whitepaper \u00fcber die Unternehmensgr\u00fcndung in der Schweiz herunter. Ein praktischer Leitfaden, um Ihr unternehmerisches Projekt zu starten.","og_url":"https:\/\/www.heveainvest.com\/de\/weissbuch\/","og_site_name":"Heveainvest","article_modified_time":"2026-03-03T09:09:08+00:00","og_image":[{"width":385,"height":570,"url":"https:\/\/www.heveainvest.com\/wp-content\/uploads\/2025\/10\/Livre_bl.png","type":"image\/png"}],"twitter_card":"summary_large_image","twitter_misc":{"Gesch\u00e4tzte Lesezeit":"1\u00a0Minute"},"schema":{"@context":"https:\/\/schema.org","@graph":[{"@type":"WebPage","@id":"https:\/\/www.heveainvest.com\/de\/weissbuch\/","url":"https:\/\/www.heveainvest.com\/de\/weissbuch\/","name":"Livre blanc : cr\u00e9er son entreprise en Suisse | HEVEA Invest","isPartOf":{"@id":"https:\/\/www.heveainvest.com\/de\/#website"},"primaryImageOfPage":{"@id":"https:\/\/www.heveainvest.com\/de\/weissbuch\/#primaryimage"},"image":{"@id":"https:\/\/www.heveainvest.com\/de\/weissbuch\/#primaryimage"},"thumbnailUrl":"https:\/\/www.heveainvest.com\/wp-content\/uploads\/2025\/10\/Livre_bl.png","datePublished":"2024-10-10T07:06:24+00:00","dateModified":"2026-03-03T09:09:08+00:00","description":"Laden Sie unser kostenloses Whitepaper \u00fcber die Unternehmensgr\u00fcndung in der Schweiz herunter. Ein praktischer Leitfaden, um Ihr unternehmerisches Projekt zu starten.","breadcrumb":{"@id":"https:\/\/www.heveainvest.com\/de\/weissbuch\/#breadcrumb"},"inLanguage":"de","potentialAction":[{"@type":"ReadAction","target":["https:\/\/www.heveainvest.com\/de\/weissbuch\/"]}]},{"@type":"ImageObject","inLanguage":"de","@id":"https:\/\/www.heveainvest.com\/de\/weissbuch\/#primaryimage","url":"https:\/\/www.heveainvest.com\/wp-content\/uploads\/2025\/10\/Livre_bl.png","contentUrl":"https:\/\/www.heveainvest.com\/wp-content\/uploads\/2025\/10\/Livre_bl.png"},{"@type":"BreadcrumbList","@id":"https:\/\/www.heveainvest.com\/de\/weissbuch\/#breadcrumb","itemListElement":[{"@type":"ListItem","position":1,"name":"Accueil","item":"https:\/\/www.heveainvest.com\/de\/"},{"@type":"ListItem","position":2,"name":"Wei\u00dfbuch"}]},{"@type":"WebSite","@id":"https:\/\/www.heveainvest.com\/de\/#website","url":"https:\/\/www.heveainvest.com\/de\/","name":"HEVEA Invest \u00ae","description":"Cr\u00e9ation d&#039;entreprise en Suisse","publisher":{"@id":"https:\/\/www.heveainvest.com\/de\/#organization"},"potentialAction":[{"@type":"SearchAction","target":{"@type":"EntryPoint","urlTemplate":"https:\/\/www.heveainvest.com\/de\/?s={search_term_string}"},"query-input":{"@type":"PropertyValueSpecification","valueRequired":true,"valueName":"search_term_string"}}],"inLanguage":"de"},{"@type":"Organization","@id":"https:\/\/www.heveainvest.com\/de\/#organization","name":"HEVEA Invest \u00ae","url":"https:\/\/www.heveainvest.com\/de\/","logo":{"@type":"ImageObject","inLanguage":"de","@id":"https:\/\/www.heveainvest.com\/de\/#\/schema\/logo\/image\/","url":"https:\/\/www.heveainvest.com\/wp-content\/uploads\/2025\/09\/Logo_Noir_Fond_Transparent_HD.png","contentUrl":"https:\/\/www.heveainvest.com\/wp-content\/uploads\/2025\/09\/Logo_Noir_Fond_Transparent_HD.png","width":1000,"height":1000,"caption":"HEVEA Invest \u00ae"},"image":{"@id":"https:\/\/www.heveainvest.com\/de\/#\/schema\/logo\/image\/"}}]}},"_links":{"self":[{"href":"https:\/\/www.heveainvest.com\/de\/wp-json\/wp\/v2\/pages\/36211","targetHints":{"allow":["GET"]}}],"collection":[{"href":"https:\/\/www.heveainvest.com\/de\/wp-json\/wp\/v2\/pages"}],"about":[{"href":"https:\/\/www.heveainvest.com\/de\/wp-json\/wp\/v2\/types\/page"}],"author":[{"embeddable":true,"href":"https:\/\/www.heveainvest.com\/de\/wp-json\/wp\/v2\/users\/11"}],"replies":[{"embeddable":true,"href":"https:\/\/www.heveainvest.com\/de\/wp-json\/wp\/v2\/comments?post=36211"}],"version-history":[{"count":3,"href":"https:\/\/www.heveainvest.com\/de\/wp-json\/wp\/v2\/pages\/36211\/revisions"}],"predecessor-version":[{"id":36232,"href":"https:\/\/www.heveainvest.com\/de\/wp-json\/wp\/v2\/pages\/36211\/revisions\/36232"}],"wp:attachment":[{"href":"https:\/\/www.heveainvest.com\/de\/wp-json\/wp\/v2\/media?parent=36211"}],"curies":[{"name":"wp","href":"https:\/\/api.w.org\/{rel}","templated":true}]}}