{"id":36871,"date":"2026-02-03T11:15:27","date_gmt":"2026-02-03T10:15:27","guid":{"rendered":"https:\/\/www.heveainvest.com\/produit\/domiciliation-in-der-schweiz-begleitung-bei-der-beantragung-der-aufenthaltsbewilligung-b\/"},"modified":"2026-02-03T11:15:27","modified_gmt":"2026-02-03T10:15:27","slug":"domiciliation-in-der-schweiz-begleitung-bei-der-beantragung-der-aufenthaltsbewilligung-b","status":"publish","type":"product","link":"https:\/\/www.heveainvest.com\/de\/produit\/domiciliation-in-der-schweiz-begleitung-bei-der-beantragung-der-aufenthaltsbewilligung-b\/","title":{"rendered":"Domiciliation in der Schweiz &#038; Begleitung bei der Beantragung der Aufenthaltsbewilligung B"},"content":{"rendered":"<p data-start=\"140\" data-end=\"430\">Wir begleiten Sie administrativ bei der Erstellung und Einreichung Ihres Antrags auf Aufenthaltsbewilligung in der Schweiz. Unser Eingreifen besteht darin, Sie bei der Vorbereitung des Dossiers, der Einhaltung der Verfahren und der administrativen Nachverfolgung bei den zust\u00e4ndigen Beh\u00f6rden zu unterst\u00fctzen.<\/p>\n<p data-start=\"432\" data-end=\"801\">Dieser Service richtet sich ausschlie\u00dflich an B\u00fcrger der Europ\u00e4ischen Union, die entweder eine Anstellung in der Schweiz haben oder ein in der Schweiz registriertes Unternehmen besitzen. Der Kunde muss au\u00dferdem \u00fcber eine private Unterkunft verf\u00fcgen, wie eine Wohnung oder eine Wohngemeinschaft, die den Anforderungen der kantonalen Beh\u00f6rden entspricht. Eine private Domizilierung wird im Rahmen dieses Dienstes nicht bereitgestellt.<\/p>\n<p data-start=\"803\" data-end=\"964\">Wir begleiten Sie auch bei den Verfahren zur Erlangung oder zum Umtausch des Schweizer F\u00fchrerscheins gem\u00e4\u00df den geltenden Vorschriften.<\/p>\n<p data-start=\"966\" data-end=\"1139\">Die Erteilung der Aufenthaltsbewilligung sowie die Ausstellung des F\u00fchrerscheins obliegen ausschlie\u00dflich den zust\u00e4ndigen Schweizer Beh\u00f6rden und k\u00f6nnen in keinem Fall garantiert werden.<\/p>\n","protected":false},"excerpt":{"rendered":"<p>Verwaltungsunterst\u00fctzung bei der Einreichung eines Antrags auf Aufenthaltsbewilligung in der Schweiz und bei den Formalit\u00e4ten im Zusammenhang mit dem Schweizer F\u00fchrerschein. Dienstleistung ausschlie\u00dflich f\u00fcr EU-B\u00fcrger mit einem Arbeitsplatz oder einem Unternehmen in der Schweiz und einer privaten Unterkunft. Keine private Domiziladresse wird bereitgestellt.<\/p>\n","protected":false},"featured_media":36873,"template":"","meta":[],"product_brand":[],"product_cat":[54],"product_tag":[],"class_list":{"0":"post-36871","1":"product","2":"type-product","3":"status-publish","4":"has-post-thumbnail","6":"product_cat-unkategorisiert","8":"first","9":"instock","10":"downloadable","11":"shipping-taxable","12":"purchasable","13":"product-type-simple"},"yoast_head":"<!-- This site is optimized with the Yoast SEO plugin v27.3 - https:\/\/yoast.com\/product\/yoast-seo-wordpress\/ -->\n<title>Accompagnement permis de s\u00e9jour B en Suisse | HEVEA Invest<\/title>\n<meta name=\"description\" content=\"Verwaltungsunterst\u00fctzung f\u00fcr den Antrag auf eine B-Aufenthaltsbewilligung in der Schweiz. Bedingungen: \u00fcber eine Anstellung oder ein Unternehmen und eine private Unterkunft verf\u00fcgen.\" \/>\n<meta name=\"robots\" content=\"index, follow, max-snippet:-1, max-image-preview:large, max-video-preview:-1\" \/>\n<link rel=\"canonical\" href=\"https:\/\/www.heveainvest.com\/de\/produit\/domiciliation-in-der-schweiz-begleitung-bei-der-beantragung-der-aufenthaltsbewilligung-b\/\" \/>\n<meta property=\"og:locale\" content=\"de_DE\" \/>\n<meta property=\"og:type\" content=\"article\" \/>\n<meta property=\"og:title\" content=\"Accompagnement permis de s\u00e9jour B en Suisse | HEVEA Invest\" \/>\n<meta property=\"og:description\" content=\"Verwaltungsunterst\u00fctzung f\u00fcr den Antrag auf eine B-Aufenthaltsbewilligung in der Schweiz. Bedingungen: \u00fcber eine Anstellung oder ein Unternehmen und eine private Unterkunft verf\u00fcgen.\" \/>\n<meta property=\"og:url\" content=\"https:\/\/www.heveainvest.com\/de\/produit\/domiciliation-in-der-schweiz-begleitung-bei-der-beantragung-der-aufenthaltsbewilligung-b\/\" \/>\n<meta property=\"og:site_name\" content=\"Heveainvest\" \/>\n<meta property=\"og:image\" content=\"https:\/\/www.heveainvest.com\/wp-content\/uploads\/2025\/10\/liquidation-societe-suisse.png\" \/>\n\t<meta property=\"og:image:width\" content=\"700\" \/>\n\t<meta property=\"og:image:height\" content=\"700\" \/>\n\t<meta property=\"og:image:type\" content=\"image\/png\" \/>\n<meta name=\"twitter:card\" content=\"summary_large_image\" \/>\n<meta name=\"twitter:label1\" content=\"Gesch\u00e4tzte Lesezeit\" \/>\n\t<meta name=\"twitter:data1\" content=\"1\u00a0Minute\" \/>\n<script type=\"application\/ld+json\" class=\"yoast-schema-graph\">{\"@context\":\"https:\\\/\\\/schema.org\",\"@graph\":[{\"@type\":\"WebPage\",\"@id\":\"https:\\\/\\\/www.heveainvest.com\\\/de\\\/produit\\\/domiciliation-in-der-schweiz-begleitung-bei-der-beantragung-der-aufenthaltsbewilligung-b\\\/\",\"url\":\"https:\\\/\\\/www.heveainvest.com\\\/de\\\/produit\\\/domiciliation-in-der-schweiz-begleitung-bei-der-beantragung-der-aufenthaltsbewilligung-b\\\/\",\"name\":\"Accompagnement permis de s\u00e9jour B en Suisse | HEVEA Invest\",\"isPartOf\":{\"@id\":\"https:\\\/\\\/www.heveainvest.com\\\/de\\\/#website\"},\"primaryImageOfPage\":{\"@id\":\"https:\\\/\\\/www.heveainvest.com\\\/de\\\/produit\\\/domiciliation-in-der-schweiz-begleitung-bei-der-beantragung-der-aufenthaltsbewilligung-b\\\/#primaryimage\"},\"image\":{\"@id\":\"https:\\\/\\\/www.heveainvest.com\\\/de\\\/produit\\\/domiciliation-in-der-schweiz-begleitung-bei-der-beantragung-der-aufenthaltsbewilligung-b\\\/#primaryimage\"},\"thumbnailUrl\":\"https:\\\/\\\/www.heveainvest.com\\\/wp-content\\\/uploads\\\/2025\\\/10\\\/liquidation-societe-suisse.png\",\"datePublished\":\"2026-02-03T10:15:27+00:00\",\"description\":\"Verwaltungsunterst\u00fctzung f\u00fcr den Antrag auf eine B-Aufenthaltsbewilligung in der Schweiz. Bedingungen: \u00fcber eine Anstellung oder ein Unternehmen und eine private Unterkunft verf\u00fcgen.\",\"breadcrumb\":{\"@id\":\"https:\\\/\\\/www.heveainvest.com\\\/de\\\/produit\\\/domiciliation-in-der-schweiz-begleitung-bei-der-beantragung-der-aufenthaltsbewilligung-b\\\/#breadcrumb\"},\"inLanguage\":\"de\",\"potentialAction\":[{\"@type\":\"ReadAction\",\"target\":[\"https:\\\/\\\/www.heveainvest.com\\\/de\\\/produit\\\/domiciliation-in-der-schweiz-begleitung-bei-der-beantragung-der-aufenthaltsbewilligung-b\\\/\"]}]},{\"@type\":\"ImageObject\",\"inLanguage\":\"de\",\"@id\":\"https:\\\/\\\/www.heveainvest.com\\\/de\\\/produit\\\/domiciliation-in-der-schweiz-begleitung-bei-der-beantragung-der-aufenthaltsbewilligung-b\\\/#primaryimage\",\"url\":\"https:\\\/\\\/www.heveainvest.com\\\/wp-content\\\/uploads\\\/2025\\\/10\\\/liquidation-societe-suisse.png\",\"contentUrl\":\"https:\\\/\\\/www.heveainvest.com\\\/wp-content\\\/uploads\\\/2025\\\/10\\\/liquidation-societe-suisse.png\",\"width\":700,\"height\":700},{\"@type\":\"BreadcrumbList\",\"@id\":\"https:\\\/\\\/www.heveainvest.com\\\/de\\\/produit\\\/domiciliation-in-der-schweiz-begleitung-bei-der-beantragung-der-aufenthaltsbewilligung-b\\\/#breadcrumb\",\"itemListElement\":[{\"@type\":\"ListItem\",\"position\":1,\"name\":\"Accueil\",\"item\":\"https:\\\/\\\/www.heveainvest.com\\\/de\\\/\"},{\"@type\":\"ListItem\",\"position\":2,\"name\":\"Shop\",\"item\":\"https:\\\/\\\/www.heveainvest.com\\\/de\\\/shop\\\/\"},{\"@type\":\"ListItem\",\"position\":3,\"name\":\"Domiciliation in der Schweiz &#038; Begleitung bei der Beantragung der Aufenthaltsbewilligung B\"}]},{\"@type\":\"WebSite\",\"@id\":\"https:\\\/\\\/www.heveainvest.com\\\/de\\\/#website\",\"url\":\"https:\\\/\\\/www.heveainvest.com\\\/de\\\/\",\"name\":\"HEVEA Invest \u00ae\",\"description\":\"Cr\u00e9ation d&#039;entreprise en Suisse\",\"publisher\":{\"@id\":\"https:\\\/\\\/www.heveainvest.com\\\/de\\\/#organization\"},\"potentialAction\":[{\"@type\":\"SearchAction\",\"target\":{\"@type\":\"EntryPoint\",\"urlTemplate\":\"https:\\\/\\\/www.heveainvest.com\\\/de\\\/?s={search_term_string}\"},\"query-input\":{\"@type\":\"PropertyValueSpecification\",\"valueRequired\":true,\"valueName\":\"search_term_string\"}}],\"inLanguage\":\"de\"},{\"@type\":\"Organization\",\"@id\":\"https:\\\/\\\/www.heveainvest.com\\\/de\\\/#organization\",\"name\":\"HEVEA Invest \u00ae\",\"url\":\"https:\\\/\\\/www.heveainvest.com\\\/de\\\/\",\"logo\":{\"@type\":\"ImageObject\",\"inLanguage\":\"de\",\"@id\":\"https:\\\/\\\/www.heveainvest.com\\\/de\\\/#\\\/schema\\\/logo\\\/image\\\/\",\"url\":\"https:\\\/\\\/www.heveainvest.com\\\/wp-content\\\/uploads\\\/2025\\\/09\\\/Logo_Noir_Fond_Transparent_HD.png\",\"contentUrl\":\"https:\\\/\\\/www.heveainvest.com\\\/wp-content\\\/uploads\\\/2025\\\/09\\\/Logo_Noir_Fond_Transparent_HD.png\",\"width\":1000,\"height\":1000,\"caption\":\"HEVEA Invest \u00ae\"},\"image\":{\"@id\":\"https:\\\/\\\/www.heveainvest.com\\\/de\\\/#\\\/schema\\\/logo\\\/image\\\/\"}}]}<\/script>\n<!-- \/ Yoast SEO plugin. -->","yoast_head_json":{"title":"Accompagnement permis de s\u00e9jour B en Suisse | HEVEA Invest","description":"Verwaltungsunterst\u00fctzung f\u00fcr den Antrag auf eine B-Aufenthaltsbewilligung in der Schweiz. Bedingungen: \u00fcber eine Anstellung oder ein Unternehmen und eine private Unterkunft verf\u00fcgen.","robots":{"index":"index","follow":"follow","max-snippet":"max-snippet:-1","max-image-preview":"max-image-preview:large","max-video-preview":"max-video-preview:-1"},"canonical":"https:\/\/www.heveainvest.com\/de\/produit\/domiciliation-in-der-schweiz-begleitung-bei-der-beantragung-der-aufenthaltsbewilligung-b\/","og_locale":"de_DE","og_type":"article","og_title":"Accompagnement permis de s\u00e9jour B en Suisse | HEVEA Invest","og_description":"Verwaltungsunterst\u00fctzung f\u00fcr den Antrag auf eine B-Aufenthaltsbewilligung in der Schweiz. Bedingungen: \u00fcber eine Anstellung oder ein Unternehmen und eine private Unterkunft verf\u00fcgen.","og_url":"https:\/\/www.heveainvest.com\/de\/produit\/domiciliation-in-der-schweiz-begleitung-bei-der-beantragung-der-aufenthaltsbewilligung-b\/","og_site_name":"Heveainvest","og_image":[{"width":700,"height":700,"url":"https:\/\/www.heveainvest.com\/wp-content\/uploads\/2025\/10\/liquidation-societe-suisse.png","type":"image\/png"}],"twitter_card":"summary_large_image","twitter_misc":{"Gesch\u00e4tzte Lesezeit":"1\u00a0Minute"},"schema":{"@context":"https:\/\/schema.org","@graph":[{"@type":"WebPage","@id":"https:\/\/www.heveainvest.com\/de\/produit\/domiciliation-in-der-schweiz-begleitung-bei-der-beantragung-der-aufenthaltsbewilligung-b\/","url":"https:\/\/www.heveainvest.com\/de\/produit\/domiciliation-in-der-schweiz-begleitung-bei-der-beantragung-der-aufenthaltsbewilligung-b\/","name":"Accompagnement permis de s\u00e9jour B en Suisse | HEVEA Invest","isPartOf":{"@id":"https:\/\/www.heveainvest.com\/de\/#website"},"primaryImageOfPage":{"@id":"https:\/\/www.heveainvest.com\/de\/produit\/domiciliation-in-der-schweiz-begleitung-bei-der-beantragung-der-aufenthaltsbewilligung-b\/#primaryimage"},"image":{"@id":"https:\/\/www.heveainvest.com\/de\/produit\/domiciliation-in-der-schweiz-begleitung-bei-der-beantragung-der-aufenthaltsbewilligung-b\/#primaryimage"},"thumbnailUrl":"https:\/\/www.heveainvest.com\/wp-content\/uploads\/2025\/10\/liquidation-societe-suisse.png","datePublished":"2026-02-03T10:15:27+00:00","description":"Verwaltungsunterst\u00fctzung f\u00fcr den Antrag auf eine B-Aufenthaltsbewilligung in der Schweiz. Bedingungen: \u00fcber eine Anstellung oder ein Unternehmen und eine private Unterkunft verf\u00fcgen.","breadcrumb":{"@id":"https:\/\/www.heveainvest.com\/de\/produit\/domiciliation-in-der-schweiz-begleitung-bei-der-beantragung-der-aufenthaltsbewilligung-b\/#breadcrumb"},"inLanguage":"de","potentialAction":[{"@type":"ReadAction","target":["https:\/\/www.heveainvest.com\/de\/produit\/domiciliation-in-der-schweiz-begleitung-bei-der-beantragung-der-aufenthaltsbewilligung-b\/"]}]},{"@type":"ImageObject","inLanguage":"de","@id":"https:\/\/www.heveainvest.com\/de\/produit\/domiciliation-in-der-schweiz-begleitung-bei-der-beantragung-der-aufenthaltsbewilligung-b\/#primaryimage","url":"https:\/\/www.heveainvest.com\/wp-content\/uploads\/2025\/10\/liquidation-societe-suisse.png","contentUrl":"https:\/\/www.heveainvest.com\/wp-content\/uploads\/2025\/10\/liquidation-societe-suisse.png","width":700,"height":700},{"@type":"BreadcrumbList","@id":"https:\/\/www.heveainvest.com\/de\/produit\/domiciliation-in-der-schweiz-begleitung-bei-der-beantragung-der-aufenthaltsbewilligung-b\/#breadcrumb","itemListElement":[{"@type":"ListItem","position":1,"name":"Accueil","item":"https:\/\/www.heveainvest.com\/de\/"},{"@type":"ListItem","position":2,"name":"Shop","item":"https:\/\/www.heveainvest.com\/de\/shop\/"},{"@type":"ListItem","position":3,"name":"Domiciliation in der Schweiz &#038; Begleitung bei der Beantragung der Aufenthaltsbewilligung B"}]},{"@type":"WebSite","@id":"https:\/\/www.heveainvest.com\/de\/#website","url":"https:\/\/www.heveainvest.com\/de\/","name":"HEVEA Invest \u00ae","description":"Cr\u00e9ation d&#039;entreprise en Suisse","publisher":{"@id":"https:\/\/www.heveainvest.com\/de\/#organization"},"potentialAction":[{"@type":"SearchAction","target":{"@type":"EntryPoint","urlTemplate":"https:\/\/www.heveainvest.com\/de\/?s={search_term_string}"},"query-input":{"@type":"PropertyValueSpecification","valueRequired":true,"valueName":"search_term_string"}}],"inLanguage":"de"},{"@type":"Organization","@id":"https:\/\/www.heveainvest.com\/de\/#organization","name":"HEVEA Invest \u00ae","url":"https:\/\/www.heveainvest.com\/de\/","logo":{"@type":"ImageObject","inLanguage":"de","@id":"https:\/\/www.heveainvest.com\/de\/#\/schema\/logo\/image\/","url":"https:\/\/www.heveainvest.com\/wp-content\/uploads\/2025\/09\/Logo_Noir_Fond_Transparent_HD.png","contentUrl":"https:\/\/www.heveainvest.com\/wp-content\/uploads\/2025\/09\/Logo_Noir_Fond_Transparent_HD.png","width":1000,"height":1000,"caption":"HEVEA Invest \u00ae"},"image":{"@id":"https:\/\/www.heveainvest.com\/de\/#\/schema\/logo\/image\/"}}]}},"_links":{"self":[{"href":"https:\/\/www.heveainvest.com\/de\/wp-json\/wp\/v2\/product\/36871","targetHints":{"allow":["GET"]}}],"collection":[{"href":"https:\/\/www.heveainvest.com\/de\/wp-json\/wp\/v2\/product"}],"about":[{"href":"https:\/\/www.heveainvest.com\/de\/wp-json\/wp\/v2\/types\/product"}],"wp:featuredmedia":[{"embeddable":true,"href":"https:\/\/www.heveainvest.com\/de\/wp-json\/wp\/v2\/media\/36873"}],"wp:attachment":[{"href":"https:\/\/www.heveainvest.com\/de\/wp-json\/wp\/v2\/media?parent=36871"}],"wp:term":[{"taxonomy":"product_brand","embeddable":true,"href":"https:\/\/www.heveainvest.com\/de\/wp-json\/wp\/v2\/product_brand?post=36871"},{"taxonomy":"product_cat","embeddable":true,"href":"https:\/\/www.heveainvest.com\/de\/wp-json\/wp\/v2\/product_cat?post=36871"},{"taxonomy":"product_tag","embeddable":true,"href":"https:\/\/www.heveainvest.com\/de\/wp-json\/wp\/v2\/product_tag?post=36871"}],"curies":[{"name":"wp","href":"https:\/\/api.w.org\/{rel}","templated":true}]}}