{"id":36875,"date":"2026-02-03T09:57:55","date_gmt":"2026-02-03T08:57:55","guid":{"rendered":"https:\/\/www.heveainvest.com\/produit\/administrateur-suisse\/"},"modified":"2026-03-20T10:01:54","modified_gmt":"2026-03-20T09:01:54","slug":"administrateur-suisse","status":"publish","type":"product","link":"https:\/\/www.heveainvest.com\/de\/produit\/administrateur-suisse\/","title":{"rendered":"Administrateur Suisse"},"content":{"rendered":"<p data-start=\"480\" data-end=\"785\">Der Schweizer Verwaltungsdienst richtet sich an GmbHs, AGs und ausl\u00e4ndische Zweigniederlassungen, die eine gesetzliche Vertretung in der Schweiz ben\u00f6tigen. HEVEA Invest stellt einen in der Schweiz ans\u00e4ssigen, im Handelsregister eingetragenen Verwalter oder Gesch\u00e4ftsf\u00fchrer zur Verf\u00fcgung, der ausschlie\u00dflich als nicht-exekutives Organ t\u00e4tig ist.<\/p>\n<p data-start=\"787\" data-end=\"953\">Der Kunde beh\u00e4lt die vollst\u00e4ndige operative Leitung des Unternehmens. Das Mandat umfasst keine gesch\u00e4ftliche, banktechnische oder administrative Verwaltung au\u00dferhalb der gesetzlichen Verpflichtungen.<\/p>\n<p data-start=\"955\" data-end=\"1228\">Die Geb\u00fchr betr\u00e4gt CHF 3&#8217;000.\u2013 pro Jahr. CHF 500.\u2013 werden bei der Online-Bestellung als Anzahlung von CHF 250 und CHF 250 als Verwaltungsgeb\u00fchr f\u00fcr die Vertragserstellung gezahlt.<br \/>\nDer Restbetrag von CHF 2&#8217;750.\u2013 wird nach der effektiven Einrichtung des Verwalters in Rechnung gestellt. Der Service unterliegt der vorherigen Dossierpr\u00fcfung und bestimmte Aktivit\u00e4ten sind ausgeschlossen.<\/p>\n","protected":false},"excerpt":{"rendered":"<p>Rechtsvertretungsdienst in der Schweiz f\u00fcr GmbH, AG und ausl\u00e4ndische Zweigniederlassungen. HEVEA Invest stellt einen in der Schweiz ans\u00e4ssigen, im Handelsregister eingetragenen Administrator oder Gesch\u00e4ftsf\u00fchrer zur Verf\u00fcgung, der nicht gesch\u00e4ftsf\u00fchrend und im Einklang mit dem Schweizer Recht handelt.<\/p>\n","protected":false},"featured_media":36873,"template":"","meta":[],"product_brand":[],"product_cat":[54],"product_tag":[],"class_list":{"0":"post-36875","1":"product","2":"type-product","3":"status-publish","4":"has-post-thumbnail","6":"product_cat-unkategorisiert","8":"first","9":"instock","10":"virtual","11":"purchasable","12":"product-type-simple"},"yoast_head":"<!-- This site is optimized with the Yoast SEO plugin v27.6 - https:\/\/yoast.com\/product\/yoast-seo-wordpress\/ -->\n<title>Administrateur Suisse - Heveainvest<\/title>\n<meta name=\"description\" content=\"Schweizer Verwaltungsdienst f\u00fcr GmbH, AG und ausl\u00e4ndische Zweigniederlassungen. Gesetzeskonforme rechtliche Vertretung nach Schweizer Recht. Nicht-exekutives Mandat.\" \/>\n<meta name=\"robots\" content=\"index, follow, max-snippet:-1, max-image-preview:large, max-video-preview:-1\" \/>\n<link rel=\"canonical\" href=\"https:\/\/www.heveainvest.com\/de\/produit\/administrateur-suisse\/\" \/>\n<meta property=\"og:locale\" content=\"de_DE\" \/>\n<meta property=\"og:type\" content=\"article\" \/>\n<meta property=\"og:title\" content=\"Administrateur Suisse - Heveainvest\" \/>\n<meta property=\"og:description\" content=\"Schweizer Verwaltungsdienst f\u00fcr GmbH, AG und ausl\u00e4ndische Zweigniederlassungen. Gesetzeskonforme rechtliche Vertretung nach Schweizer Recht. Nicht-exekutives Mandat.\" \/>\n<meta property=\"og:url\" content=\"https:\/\/www.heveainvest.com\/de\/produit\/administrateur-suisse\/\" \/>\n<meta property=\"og:site_name\" content=\"Heveainvest\" \/>\n<meta property=\"article:modified_time\" content=\"2026-03-20T09:01:54+00:00\" \/>\n<meta property=\"og:image\" content=\"https:\/\/www.heveainvest.com\/wp-content\/uploads\/2025\/10\/liquidation-societe-suisse.png\" \/>\n\t<meta property=\"og:image:width\" content=\"700\" \/>\n\t<meta property=\"og:image:height\" content=\"700\" \/>\n\t<meta property=\"og:image:type\" content=\"image\/png\" \/>\n<meta name=\"twitter:card\" content=\"summary_large_image\" \/>\n<meta name=\"twitter:label1\" content=\"Gesch\u00e4tzte Lesezeit\" \/>\n\t<meta name=\"twitter:data1\" content=\"1\u00a0Minute\" \/>\n<script type=\"application\/ld+json\" class=\"yoast-schema-graph\">{\"@context\":\"https:\\\/\\\/schema.org\",\"@graph\":[{\"@type\":\"WebPage\",\"@id\":\"https:\\\/\\\/www.heveainvest.com\\\/de\\\/produit\\\/administrateur-suisse\\\/\",\"url\":\"https:\\\/\\\/www.heveainvest.com\\\/de\\\/produit\\\/administrateur-suisse\\\/\",\"name\":\"Administrateur Suisse - Heveainvest\",\"isPartOf\":{\"@id\":\"https:\\\/\\\/www.heveainvest.com\\\/de\\\/#website\"},\"primaryImageOfPage\":{\"@id\":\"https:\\\/\\\/www.heveainvest.com\\\/de\\\/produit\\\/administrateur-suisse\\\/#primaryimage\"},\"image\":{\"@id\":\"https:\\\/\\\/www.heveainvest.com\\\/de\\\/produit\\\/administrateur-suisse\\\/#primaryimage\"},\"thumbnailUrl\":\"https:\\\/\\\/www.heveainvest.com\\\/wp-content\\\/uploads\\\/2025\\\/10\\\/liquidation-societe-suisse.png\",\"datePublished\":\"2026-02-03T08:57:55+00:00\",\"dateModified\":\"2026-03-20T09:01:54+00:00\",\"description\":\"Schweizer Verwaltungsdienst f\u00fcr GmbH, AG und ausl\u00e4ndische Zweigniederlassungen. Gesetzeskonforme rechtliche Vertretung nach Schweizer Recht. Nicht-exekutives Mandat.\",\"breadcrumb\":{\"@id\":\"https:\\\/\\\/www.heveainvest.com\\\/de\\\/produit\\\/administrateur-suisse\\\/#breadcrumb\"},\"inLanguage\":\"de\",\"potentialAction\":[{\"@type\":\"ReadAction\",\"target\":[\"https:\\\/\\\/www.heveainvest.com\\\/de\\\/produit\\\/administrateur-suisse\\\/\"]}]},{\"@type\":\"ImageObject\",\"inLanguage\":\"de\",\"@id\":\"https:\\\/\\\/www.heveainvest.com\\\/de\\\/produit\\\/administrateur-suisse\\\/#primaryimage\",\"url\":\"https:\\\/\\\/www.heveainvest.com\\\/wp-content\\\/uploads\\\/2025\\\/10\\\/liquidation-societe-suisse.png\",\"contentUrl\":\"https:\\\/\\\/www.heveainvest.com\\\/wp-content\\\/uploads\\\/2025\\\/10\\\/liquidation-societe-suisse.png\",\"width\":700,\"height\":700},{\"@type\":\"BreadcrumbList\",\"@id\":\"https:\\\/\\\/www.heveainvest.com\\\/de\\\/produit\\\/administrateur-suisse\\\/#breadcrumb\",\"itemListElement\":[{\"@type\":\"ListItem\",\"position\":1,\"name\":\"Accueil\",\"item\":\"https:\\\/\\\/www.heveainvest.com\\\/de\\\/\"},{\"@type\":\"ListItem\",\"position\":2,\"name\":\"Shop\",\"item\":\"https:\\\/\\\/www.heveainvest.com\\\/de\\\/shop\\\/\"},{\"@type\":\"ListItem\",\"position\":3,\"name\":\"Administrateur Suisse\"}]},{\"@type\":\"WebSite\",\"@id\":\"https:\\\/\\\/www.heveainvest.com\\\/de\\\/#website\",\"url\":\"https:\\\/\\\/www.heveainvest.com\\\/de\\\/\",\"name\":\"HEVEA Invest \u00ae\",\"description\":\"Cr\u00e9ation d&#039;entreprise en Suisse\",\"publisher\":{\"@id\":\"https:\\\/\\\/www.heveainvest.com\\\/de\\\/#organization\"},\"potentialAction\":[{\"@type\":\"SearchAction\",\"target\":{\"@type\":\"EntryPoint\",\"urlTemplate\":\"https:\\\/\\\/www.heveainvest.com\\\/de\\\/?s={search_term_string}\"},\"query-input\":{\"@type\":\"PropertyValueSpecification\",\"valueRequired\":true,\"valueName\":\"search_term_string\"}}],\"inLanguage\":\"de\"},{\"@type\":\"Organization\",\"@id\":\"https:\\\/\\\/www.heveainvest.com\\\/de\\\/#organization\",\"name\":\"HEVEA Invest \u00ae\",\"url\":\"https:\\\/\\\/www.heveainvest.com\\\/de\\\/\",\"logo\":{\"@type\":\"ImageObject\",\"inLanguage\":\"de\",\"@id\":\"https:\\\/\\\/www.heveainvest.com\\\/de\\\/#\\\/schema\\\/logo\\\/image\\\/\",\"url\":\"https:\\\/\\\/www.heveainvest.com\\\/wp-content\\\/uploads\\\/2025\\\/09\\\/Logo_Noir_Fond_Transparent_HD.png\",\"contentUrl\":\"https:\\\/\\\/www.heveainvest.com\\\/wp-content\\\/uploads\\\/2025\\\/09\\\/Logo_Noir_Fond_Transparent_HD.png\",\"width\":1000,\"height\":1000,\"caption\":\"HEVEA Invest \u00ae\"},\"image\":{\"@id\":\"https:\\\/\\\/www.heveainvest.com\\\/de\\\/#\\\/schema\\\/logo\\\/image\\\/\"}}]}<\/script>\n<!-- \/ Yoast SEO plugin. -->","yoast_head_json":{"title":"Administrateur Suisse - Heveainvest","description":"Schweizer Verwaltungsdienst f\u00fcr GmbH, AG und ausl\u00e4ndische Zweigniederlassungen. Gesetzeskonforme rechtliche Vertretung nach Schweizer Recht. Nicht-exekutives Mandat.","robots":{"index":"index","follow":"follow","max-snippet":"max-snippet:-1","max-image-preview":"max-image-preview:large","max-video-preview":"max-video-preview:-1"},"canonical":"https:\/\/www.heveainvest.com\/de\/produit\/administrateur-suisse\/","og_locale":"de_DE","og_type":"article","og_title":"Administrateur Suisse - Heveainvest","og_description":"Schweizer Verwaltungsdienst f\u00fcr GmbH, AG und ausl\u00e4ndische Zweigniederlassungen. Gesetzeskonforme rechtliche Vertretung nach Schweizer Recht. Nicht-exekutives Mandat.","og_url":"https:\/\/www.heveainvest.com\/de\/produit\/administrateur-suisse\/","og_site_name":"Heveainvest","article_modified_time":"2026-03-20T09:01:54+00:00","og_image":[{"width":700,"height":700,"url":"https:\/\/www.heveainvest.com\/wp-content\/uploads\/2025\/10\/liquidation-societe-suisse.png","type":"image\/png"}],"twitter_card":"summary_large_image","twitter_misc":{"Gesch\u00e4tzte Lesezeit":"1\u00a0Minute"},"schema":{"@context":"https:\/\/schema.org","@graph":[{"@type":"WebPage","@id":"https:\/\/www.heveainvest.com\/de\/produit\/administrateur-suisse\/","url":"https:\/\/www.heveainvest.com\/de\/produit\/administrateur-suisse\/","name":"Administrateur Suisse - Heveainvest","isPartOf":{"@id":"https:\/\/www.heveainvest.com\/de\/#website"},"primaryImageOfPage":{"@id":"https:\/\/www.heveainvest.com\/de\/produit\/administrateur-suisse\/#primaryimage"},"image":{"@id":"https:\/\/www.heveainvest.com\/de\/produit\/administrateur-suisse\/#primaryimage"},"thumbnailUrl":"https:\/\/www.heveainvest.com\/wp-content\/uploads\/2025\/10\/liquidation-societe-suisse.png","datePublished":"2026-02-03T08:57:55+00:00","dateModified":"2026-03-20T09:01:54+00:00","description":"Schweizer Verwaltungsdienst f\u00fcr GmbH, AG und ausl\u00e4ndische Zweigniederlassungen. Gesetzeskonforme rechtliche Vertretung nach Schweizer Recht. Nicht-exekutives Mandat.","breadcrumb":{"@id":"https:\/\/www.heveainvest.com\/de\/produit\/administrateur-suisse\/#breadcrumb"},"inLanguage":"de","potentialAction":[{"@type":"ReadAction","target":["https:\/\/www.heveainvest.com\/de\/produit\/administrateur-suisse\/"]}]},{"@type":"ImageObject","inLanguage":"de","@id":"https:\/\/www.heveainvest.com\/de\/produit\/administrateur-suisse\/#primaryimage","url":"https:\/\/www.heveainvest.com\/wp-content\/uploads\/2025\/10\/liquidation-societe-suisse.png","contentUrl":"https:\/\/www.heveainvest.com\/wp-content\/uploads\/2025\/10\/liquidation-societe-suisse.png","width":700,"height":700},{"@type":"BreadcrumbList","@id":"https:\/\/www.heveainvest.com\/de\/produit\/administrateur-suisse\/#breadcrumb","itemListElement":[{"@type":"ListItem","position":1,"name":"Accueil","item":"https:\/\/www.heveainvest.com\/de\/"},{"@type":"ListItem","position":2,"name":"Shop","item":"https:\/\/www.heveainvest.com\/de\/shop\/"},{"@type":"ListItem","position":3,"name":"Administrateur Suisse"}]},{"@type":"WebSite","@id":"https:\/\/www.heveainvest.com\/de\/#website","url":"https:\/\/www.heveainvest.com\/de\/","name":"HEVEA Invest \u00ae","description":"Cr\u00e9ation d&#039;entreprise en Suisse","publisher":{"@id":"https:\/\/www.heveainvest.com\/de\/#organization"},"potentialAction":[{"@type":"SearchAction","target":{"@type":"EntryPoint","urlTemplate":"https:\/\/www.heveainvest.com\/de\/?s={search_term_string}"},"query-input":{"@type":"PropertyValueSpecification","valueRequired":true,"valueName":"search_term_string"}}],"inLanguage":"de"},{"@type":"Organization","@id":"https:\/\/www.heveainvest.com\/de\/#organization","name":"HEVEA Invest \u00ae","url":"https:\/\/www.heveainvest.com\/de\/","logo":{"@type":"ImageObject","inLanguage":"de","@id":"https:\/\/www.heveainvest.com\/de\/#\/schema\/logo\/image\/","url":"https:\/\/www.heveainvest.com\/wp-content\/uploads\/2025\/09\/Logo_Noir_Fond_Transparent_HD.png","contentUrl":"https:\/\/www.heveainvest.com\/wp-content\/uploads\/2025\/09\/Logo_Noir_Fond_Transparent_HD.png","width":1000,"height":1000,"caption":"HEVEA Invest \u00ae"},"image":{"@id":"https:\/\/www.heveainvest.com\/de\/#\/schema\/logo\/image\/"}}]}},"_links":{"self":[{"href":"https:\/\/www.heveainvest.com\/de\/wp-json\/wp\/v2\/product\/36875","targetHints":{"allow":["GET"]}}],"collection":[{"href":"https:\/\/www.heveainvest.com\/de\/wp-json\/wp\/v2\/product"}],"about":[{"href":"https:\/\/www.heveainvest.com\/de\/wp-json\/wp\/v2\/types\/product"}],"wp:featuredmedia":[{"embeddable":true,"href":"https:\/\/www.heveainvest.com\/de\/wp-json\/wp\/v2\/media\/36873"}],"wp:attachment":[{"href":"https:\/\/www.heveainvest.com\/de\/wp-json\/wp\/v2\/media?parent=36875"}],"wp:term":[{"taxonomy":"product_brand","embeddable":true,"href":"https:\/\/www.heveainvest.com\/de\/wp-json\/wp\/v2\/product_brand?post=36875"},{"taxonomy":"product_cat","embeddable":true,"href":"https:\/\/www.heveainvest.com\/de\/wp-json\/wp\/v2\/product_cat?post=36875"},{"taxonomy":"product_tag","embeddable":true,"href":"https:\/\/www.heveainvest.com\/de\/wp-json\/wp\/v2\/product_tag?post=36875"}],"curies":[{"name":"wp","href":"https:\/\/api.w.org\/{rel}","templated":true}]}}