{"id":36895,"date":"2025-10-21T16:29:30","date_gmt":"2025-10-21T14:29:30","guid":{"rendered":"https:\/\/www.heveainvest.com\/produit\/domiciliation-von-unternehmen-pack-pro\/"},"modified":"2025-10-21T16:29:30","modified_gmt":"2025-10-21T14:29:30","slug":"domiciliation-von-unternehmen-pack-pro","status":"publish","type":"product","link":"https:\/\/www.heveainvest.com\/de\/produit\/domiciliation-von-unternehmen-pack-pro\/","title":{"rendered":"Domiciliation von Unternehmen Pack Pro"},"content":{"rendered":"<p>&nbsp;<\/p>\n<p>&nbsp;<\/p>\n<h2>Domizilieren Sie Ihr Unternehmen unter den besten Bedingungen<\/h2>\n<p data-start=\"111\" data-end=\"318\">Erhalten Sie eine gesetzliche Adresse <strong>mit dem Vermerk \u201ec\/o\u201c<\/strong> in einem unserer 20 B\u00fcros in der Schweiz.<br data-start=\"214\" data-end=\"217\" \/>100 % Online-Verfahren, elektronisch unterzeichneter Vertrag, offizielle Bescheinigung innerhalb von 48 Stunden verf\u00fcgbar.<\/p>\n<p data-start=\"320\" data-end=\"434\"><strong data-start=\"320\" data-end=\"359\">Einrichtungsgeb\u00fchr: CHF 29.\u2013<\/strong><\/p>\n<p data-start=\"320\" data-end=\"434\"><strong data-start=\"362\" data-end=\"434\">Ohne Verpflichtung \u2013 J\u00e4hrliche oder viertelj\u00e4hrliche Zahlung je nach Ihrem Status.<\/strong><\/p>\n<p data-start=\"320\" data-end=\"434\"><strong>Achtung: J\u00e4hrliche Abrechnung f\u00fcr Selbstst\u00e4ndige<\/strong><\/p>\n","protected":false},"excerpt":{"rendered":"<p><strong data-start=\"37\" data-end=\"110\">Gesch\u00e4ftliche Anschrift in einem unserer 20 B\u00fcros in der Schweiz.<\/strong><br data-start=\"110\" data-end=\"113\" \/>100 % Online-Verfahren, Best\u00e4tigung in 48 Stunden.<br data-start=\"158\" data-end=\"161\" \/>CHF 29.\u2013 \/ Monat + Einrichtungsgeb\u00fchr (CHF 29.\u2013).<\/p>\n","protected":false},"featured_media":36879,"template":"","meta":[],"product_brand":[],"product_cat":[54],"product_tag":[],"class_list":{"0":"post-36895","1":"product","2":"type-product","3":"status-publish","4":"has-post-thumbnail","6":"product_cat-unkategorisiert","8":"first","9":"instock","10":"downloadable","11":"virtual","12":"purchasable","13":"product-type-simple"},"yoast_head":"<!-- This site is optimized with the Yoast SEO plugin v27.6 - https:\/\/yoast.com\/product\/yoast-seo-wordpress\/ -->\n<title>Domiciliation d\u2019entreprise en Suisse | HEVEA Invest<\/title>\n<meta name=\"description\" content=\"Domicilieren Sie Ihr Unternehmen an einer legalen und anerkannten Adresse in der Schweiz. Service konform mit dem Handelsregister, Vertrag online unterzeichnet, Bescheinigung innerhalb von 48 Stunden.\" \/>\n<meta name=\"robots\" content=\"index, follow, max-snippet:-1, max-image-preview:large, max-video-preview:-1\" \/>\n<link rel=\"canonical\" href=\"https:\/\/www.heveainvest.com\/de\/produit\/domiciliation-von-unternehmen-pack-pro\/\" \/>\n<meta property=\"og:locale\" content=\"de_DE\" \/>\n<meta property=\"og:type\" content=\"article\" \/>\n<meta property=\"og:title\" content=\"Domiciliation d\u2019entreprise en Suisse | HEVEA Invest\" \/>\n<meta property=\"og:description\" content=\"Domicilieren Sie Ihr Unternehmen an einer legalen und anerkannten Adresse in der Schweiz. Service konform mit dem Handelsregister, Vertrag online unterzeichnet, Bescheinigung innerhalb von 48 Stunden.\" \/>\n<meta property=\"og:url\" content=\"https:\/\/www.heveainvest.com\/de\/produit\/domiciliation-von-unternehmen-pack-pro\/\" \/>\n<meta property=\"og:site_name\" content=\"Heveainvest\" \/>\n<meta property=\"og:image\" content=\"https:\/\/www.heveainvest.com\/wp-content\/uploads\/2025\/10\/domiciliation-entreprise.webp\" \/>\n\t<meta property=\"og:image:width\" content=\"512\" \/>\n\t<meta property=\"og:image:height\" content=\"512\" \/>\n\t<meta property=\"og:image:type\" content=\"image\/webp\" \/>\n<meta name=\"twitter:card\" content=\"summary_large_image\" \/>\n<script type=\"application\/ld+json\" class=\"yoast-schema-graph\">{\"@context\":\"https:\\\/\\\/schema.org\",\"@graph\":[{\"@type\":\"WebPage\",\"@id\":\"https:\\\/\\\/www.heveainvest.com\\\/de\\\/produit\\\/domiciliation-von-unternehmen-pack-pro\\\/\",\"url\":\"https:\\\/\\\/www.heveainvest.com\\\/de\\\/produit\\\/domiciliation-von-unternehmen-pack-pro\\\/\",\"name\":\"Domiciliation d\u2019entreprise en Suisse | HEVEA Invest\",\"isPartOf\":{\"@id\":\"https:\\\/\\\/www.heveainvest.com\\\/de\\\/#website\"},\"primaryImageOfPage\":{\"@id\":\"https:\\\/\\\/www.heveainvest.com\\\/de\\\/produit\\\/domiciliation-von-unternehmen-pack-pro\\\/#primaryimage\"},\"image\":{\"@id\":\"https:\\\/\\\/www.heveainvest.com\\\/de\\\/produit\\\/domiciliation-von-unternehmen-pack-pro\\\/#primaryimage\"},\"thumbnailUrl\":\"https:\\\/\\\/www.heveainvest.com\\\/wp-content\\\/uploads\\\/2025\\\/10\\\/domiciliation-entreprise.webp\",\"datePublished\":\"2025-10-21T14:29:30+00:00\",\"description\":\"Domicilieren Sie Ihr Unternehmen an einer legalen und anerkannten Adresse in der Schweiz. Service konform mit dem Handelsregister, Vertrag online unterzeichnet, Bescheinigung innerhalb von 48 Stunden.\",\"breadcrumb\":{\"@id\":\"https:\\\/\\\/www.heveainvest.com\\\/de\\\/produit\\\/domiciliation-von-unternehmen-pack-pro\\\/#breadcrumb\"},\"inLanguage\":\"de\",\"potentialAction\":[{\"@type\":\"ReadAction\",\"target\":[\"https:\\\/\\\/www.heveainvest.com\\\/de\\\/produit\\\/domiciliation-von-unternehmen-pack-pro\\\/\"]}]},{\"@type\":\"ImageObject\",\"inLanguage\":\"de\",\"@id\":\"https:\\\/\\\/www.heveainvest.com\\\/de\\\/produit\\\/domiciliation-von-unternehmen-pack-pro\\\/#primaryimage\",\"url\":\"https:\\\/\\\/www.heveainvest.com\\\/wp-content\\\/uploads\\\/2025\\\/10\\\/domiciliation-entreprise.webp\",\"contentUrl\":\"https:\\\/\\\/www.heveainvest.com\\\/wp-content\\\/uploads\\\/2025\\\/10\\\/domiciliation-entreprise.webp\",\"width\":512,\"height\":512},{\"@type\":\"BreadcrumbList\",\"@id\":\"https:\\\/\\\/www.heveainvest.com\\\/de\\\/produit\\\/domiciliation-von-unternehmen-pack-pro\\\/#breadcrumb\",\"itemListElement\":[{\"@type\":\"ListItem\",\"position\":1,\"name\":\"Accueil\",\"item\":\"https:\\\/\\\/www.heveainvest.com\\\/de\\\/\"},{\"@type\":\"ListItem\",\"position\":2,\"name\":\"Shop\",\"item\":\"https:\\\/\\\/www.heveainvest.com\\\/de\\\/shop\\\/\"},{\"@type\":\"ListItem\",\"position\":3,\"name\":\"Domiciliation von Unternehmen Pack Pro\"}]},{\"@type\":\"WebSite\",\"@id\":\"https:\\\/\\\/www.heveainvest.com\\\/de\\\/#website\",\"url\":\"https:\\\/\\\/www.heveainvest.com\\\/de\\\/\",\"name\":\"HEVEA Invest \u00ae\",\"description\":\"Cr\u00e9ation d&#039;entreprise en Suisse\",\"publisher\":{\"@id\":\"https:\\\/\\\/www.heveainvest.com\\\/de\\\/#organization\"},\"potentialAction\":[{\"@type\":\"SearchAction\",\"target\":{\"@type\":\"EntryPoint\",\"urlTemplate\":\"https:\\\/\\\/www.heveainvest.com\\\/de\\\/?s={search_term_string}\"},\"query-input\":{\"@type\":\"PropertyValueSpecification\",\"valueRequired\":true,\"valueName\":\"search_term_string\"}}],\"inLanguage\":\"de\"},{\"@type\":\"Organization\",\"@id\":\"https:\\\/\\\/www.heveainvest.com\\\/de\\\/#organization\",\"name\":\"HEVEA Invest \u00ae\",\"url\":\"https:\\\/\\\/www.heveainvest.com\\\/de\\\/\",\"logo\":{\"@type\":\"ImageObject\",\"inLanguage\":\"de\",\"@id\":\"https:\\\/\\\/www.heveainvest.com\\\/de\\\/#\\\/schema\\\/logo\\\/image\\\/\",\"url\":\"https:\\\/\\\/www.heveainvest.com\\\/wp-content\\\/uploads\\\/2025\\\/09\\\/Logo_Noir_Fond_Transparent_HD.png\",\"contentUrl\":\"https:\\\/\\\/www.heveainvest.com\\\/wp-content\\\/uploads\\\/2025\\\/09\\\/Logo_Noir_Fond_Transparent_HD.png\",\"width\":1000,\"height\":1000,\"caption\":\"HEVEA Invest \u00ae\"},\"image\":{\"@id\":\"https:\\\/\\\/www.heveainvest.com\\\/de\\\/#\\\/schema\\\/logo\\\/image\\\/\"}}]}<\/script>\n<!-- \/ Yoast SEO plugin. -->","yoast_head_json":{"title":"Domiciliation d\u2019entreprise en Suisse | HEVEA Invest","description":"Domicilieren Sie Ihr Unternehmen an einer legalen und anerkannten Adresse in der Schweiz. Service konform mit dem Handelsregister, Vertrag online unterzeichnet, Bescheinigung innerhalb von 48 Stunden.","robots":{"index":"index","follow":"follow","max-snippet":"max-snippet:-1","max-image-preview":"max-image-preview:large","max-video-preview":"max-video-preview:-1"},"canonical":"https:\/\/www.heveainvest.com\/de\/produit\/domiciliation-von-unternehmen-pack-pro\/","og_locale":"de_DE","og_type":"article","og_title":"Domiciliation d\u2019entreprise en Suisse | HEVEA Invest","og_description":"Domicilieren Sie Ihr Unternehmen an einer legalen und anerkannten Adresse in der Schweiz. Service konform mit dem Handelsregister, Vertrag online unterzeichnet, Bescheinigung innerhalb von 48 Stunden.","og_url":"https:\/\/www.heveainvest.com\/de\/produit\/domiciliation-von-unternehmen-pack-pro\/","og_site_name":"Heveainvest","og_image":[{"width":512,"height":512,"url":"https:\/\/www.heveainvest.com\/wp-content\/uploads\/2025\/10\/domiciliation-entreprise.webp","type":"image\/webp"}],"twitter_card":"summary_large_image","schema":{"@context":"https:\/\/schema.org","@graph":[{"@type":"WebPage","@id":"https:\/\/www.heveainvest.com\/de\/produit\/domiciliation-von-unternehmen-pack-pro\/","url":"https:\/\/www.heveainvest.com\/de\/produit\/domiciliation-von-unternehmen-pack-pro\/","name":"Domiciliation d\u2019entreprise en Suisse | HEVEA Invest","isPartOf":{"@id":"https:\/\/www.heveainvest.com\/de\/#website"},"primaryImageOfPage":{"@id":"https:\/\/www.heveainvest.com\/de\/produit\/domiciliation-von-unternehmen-pack-pro\/#primaryimage"},"image":{"@id":"https:\/\/www.heveainvest.com\/de\/produit\/domiciliation-von-unternehmen-pack-pro\/#primaryimage"},"thumbnailUrl":"https:\/\/www.heveainvest.com\/wp-content\/uploads\/2025\/10\/domiciliation-entreprise.webp","datePublished":"2025-10-21T14:29:30+00:00","description":"Domicilieren Sie Ihr Unternehmen an einer legalen und anerkannten Adresse in der Schweiz. Service konform mit dem Handelsregister, Vertrag online unterzeichnet, Bescheinigung innerhalb von 48 Stunden.","breadcrumb":{"@id":"https:\/\/www.heveainvest.com\/de\/produit\/domiciliation-von-unternehmen-pack-pro\/#breadcrumb"},"inLanguage":"de","potentialAction":[{"@type":"ReadAction","target":["https:\/\/www.heveainvest.com\/de\/produit\/domiciliation-von-unternehmen-pack-pro\/"]}]},{"@type":"ImageObject","inLanguage":"de","@id":"https:\/\/www.heveainvest.com\/de\/produit\/domiciliation-von-unternehmen-pack-pro\/#primaryimage","url":"https:\/\/www.heveainvest.com\/wp-content\/uploads\/2025\/10\/domiciliation-entreprise.webp","contentUrl":"https:\/\/www.heveainvest.com\/wp-content\/uploads\/2025\/10\/domiciliation-entreprise.webp","width":512,"height":512},{"@type":"BreadcrumbList","@id":"https:\/\/www.heveainvest.com\/de\/produit\/domiciliation-von-unternehmen-pack-pro\/#breadcrumb","itemListElement":[{"@type":"ListItem","position":1,"name":"Accueil","item":"https:\/\/www.heveainvest.com\/de\/"},{"@type":"ListItem","position":2,"name":"Shop","item":"https:\/\/www.heveainvest.com\/de\/shop\/"},{"@type":"ListItem","position":3,"name":"Domiciliation von Unternehmen Pack Pro"}]},{"@type":"WebSite","@id":"https:\/\/www.heveainvest.com\/de\/#website","url":"https:\/\/www.heveainvest.com\/de\/","name":"HEVEA Invest \u00ae","description":"Cr\u00e9ation d&#039;entreprise en Suisse","publisher":{"@id":"https:\/\/www.heveainvest.com\/de\/#organization"},"potentialAction":[{"@type":"SearchAction","target":{"@type":"EntryPoint","urlTemplate":"https:\/\/www.heveainvest.com\/de\/?s={search_term_string}"},"query-input":{"@type":"PropertyValueSpecification","valueRequired":true,"valueName":"search_term_string"}}],"inLanguage":"de"},{"@type":"Organization","@id":"https:\/\/www.heveainvest.com\/de\/#organization","name":"HEVEA Invest \u00ae","url":"https:\/\/www.heveainvest.com\/de\/","logo":{"@type":"ImageObject","inLanguage":"de","@id":"https:\/\/www.heveainvest.com\/de\/#\/schema\/logo\/image\/","url":"https:\/\/www.heveainvest.com\/wp-content\/uploads\/2025\/09\/Logo_Noir_Fond_Transparent_HD.png","contentUrl":"https:\/\/www.heveainvest.com\/wp-content\/uploads\/2025\/09\/Logo_Noir_Fond_Transparent_HD.png","width":1000,"height":1000,"caption":"HEVEA Invest \u00ae"},"image":{"@id":"https:\/\/www.heveainvest.com\/de\/#\/schema\/logo\/image\/"}}]}},"_links":{"self":[{"href":"https:\/\/www.heveainvest.com\/de\/wp-json\/wp\/v2\/product\/36895","targetHints":{"allow":["GET"]}}],"collection":[{"href":"https:\/\/www.heveainvest.com\/de\/wp-json\/wp\/v2\/product"}],"about":[{"href":"https:\/\/www.heveainvest.com\/de\/wp-json\/wp\/v2\/types\/product"}],"wp:featuredmedia":[{"embeddable":true,"href":"https:\/\/www.heveainvest.com\/de\/wp-json\/wp\/v2\/media\/36879"}],"wp:attachment":[{"href":"https:\/\/www.heveainvest.com\/de\/wp-json\/wp\/v2\/media?parent=36895"}],"wp:term":[{"taxonomy":"product_brand","embeddable":true,"href":"https:\/\/www.heveainvest.com\/de\/wp-json\/wp\/v2\/product_brand?post=36895"},{"taxonomy":"product_cat","embeddable":true,"href":"https:\/\/www.heveainvest.com\/de\/wp-json\/wp\/v2\/product_cat?post=36895"},{"taxonomy":"product_tag","embeddable":true,"href":"https:\/\/www.heveainvest.com\/de\/wp-json\/wp\/v2\/product_tag?post=36895"}],"curies":[{"name":"wp","href":"https:\/\/api.w.org\/{rel}","templated":true}]}}