{"id":36927,"date":"2025-10-21T11:06:55","date_gmt":"2025-10-21T09:06:55","guid":{"rendered":"https:\/\/www.heveainvest.com\/produit\/gruendung-einer-gmbh-basis-paket\/"},"modified":"2025-10-21T11:06:55","modified_gmt":"2025-10-21T09:06:55","slug":"gruendung-einer-gmbh-basis-paket","status":"publish","type":"product","link":"https:\/\/www.heveainvest.com\/de\/produit\/gruendung-einer-gmbh-basis-paket\/","title":{"rendered":"Gr\u00fcndung einer GmbH \u2013 Basis-Paket"},"content":{"rendered":"<h2 data-start=\"655\" data-end=\"694\">Eine GmbH sicher gr\u00fcnden<\/h2>\n<p data-start=\"696\" data-end=\"1038\">Die <strong data-start=\"699\" data-end=\"742\">GmbH (Gesellschaft mit beschr\u00e4nkter Haftung)<\/strong> ist eine ideale Rechtsform f\u00fcr Unternehmer, die ihre Haftung begrenzen und gleichzeitig eine flexible Struktur beibehalten m\u00f6chten. Das von HEVEA Invest angebotene <strong data-start=\"877\" data-end=\"891\">Pack Basic<\/strong> bietet Ihnen eine professionelle und schnelle L\u00f6sung, um Ihr Unternehmen in \u00dcbereinstimmung mit dem Schweizer Recht zu gr\u00fcnden.<\/p>\n<h2 data-start=\"1045\" data-end=\"1090\"><\/h2>\n<p>&nbsp;<\/p>\n<h2 data-start=\"1045\" data-end=\"1090\">Leistungen im Pack Basic enthalten<\/h2>\n<ul data-start=\"1092\" data-end=\"1438\">\n<li data-start=\"1092\" data-end=\"1159\">\n<p data-start=\"1094\" data-end=\"1159\"><strong data-start=\"1094\" data-end=\"1128\">Individuelle Rechtsberatung<\/strong> zur Struktur und Gestaltung<\/p>\n<\/li>\n<li data-start=\"1160\" data-end=\"1214\">\n<p data-start=\"1162\" data-end=\"1214\"><strong data-start=\"1162\" data-end=\"1192\">\u00dcberpr\u00fcfung des Firmennamens<\/strong> (Verf\u00fcgbarkeit im Handelsregister)<\/p>\n<\/li>\n<li data-start=\"1215\" data-end=\"1245\">\n<p data-start=\"1217\" data-end=\"1245\"><strong data-start=\"1217\" data-end=\"1245\">Definition des Unternehmenszwecks<\/strong><\/p>\n<\/li>\n<li data-start=\"1246\" data-end=\"1292\">\n<p data-start=\"1248\" data-end=\"1292\"><strong data-start=\"1248\" data-end=\"1292\">Vorbereitung aller rechtlichen Dokumente<\/strong><\/p>\n<\/li>\n<li data-start=\"1293\" data-end=\"1320\">\n<p data-start=\"1295\" data-end=\"1320\"><strong data-start=\"1295\" data-end=\"1320\">Erstellung der Statuten<\/strong><\/p>\n<\/li>\n<li data-start=\"1321\" data-end=\"1339\">\n<p data-start=\"1323\" data-end=\"1339\"><strong data-start=\"1323\" data-end=\"1339\">Notariatsakt<\/strong><\/p>\n<\/li>\n<li data-start=\"1340\" data-end=\"1387\">\n<p data-start=\"1342\" data-end=\"1387\"><strong data-start=\"1342\" data-end=\"1387\">Legalisierung der Unterschrift (1 Person)<\/strong><\/p>\n<\/li>\n<li data-start=\"1388\" data-end=\"1438\">\n<p data-start=\"1390\" data-end=\"1438\"><strong data-start=\"1390\" data-end=\"1438\">Einreichung und Eintragung im Handelsregister<\/strong><\/p>\n<\/li>\n<\/ul>\n<blockquote data-start=\"1440\" data-end=\"1541\">\n<p data-start=\"1442\" data-end=\"1541\">\n<\/blockquote>\n<h3 data-start=\"1548\" data-end=\"1571\"><\/h3>\n<h2 data-start=\"1548\" data-end=\"1571\"><\/h2>\n<p>&nbsp;<\/p>\n<h2 data-start=\"1548\" data-end=\"1571\"><strong data-start=\"1555\" data-end=\"1571\">Preise<\/strong><\/h2>\n<p data-start=\"1638\" data-end=\"1699\"><strong data-start=\"1638\" data-end=\"1677\">Preis HEVEA Invest<\/strong>: <strong data-start=\"1680\" data-end=\"1697\">CHF 490.<\/strong><\/p>\n<p data-start=\"1638\" data-end=\"1699\">Einmalige Zahlung per Kreditkarte, vor Beginn des Prozesses<\/p>\n<p data-start=\"1575\" data-end=\"1635\"><strong data-start=\"1575\" data-end=\"1617\">Notarkosten<\/strong>: <strong data-start=\"1620\" data-end=\"1633\">CHF 490.\u2013 <\/strong>direkt vom Notar in Rechnung gestellt<\/p>\n<p data-start=\"1638\" data-end=\"1699\"><strong data-start=\"1771\" data-end=\"1804\">Kosten des Handelsregisters<\/strong>: <strong data-start=\"1807\" data-end=\"1821\">nicht enthalten<\/strong><\/p>\n<p data-start=\"1638\" data-end=\"1699\">Variabel je nach Kanton (<strong data-start=\"1854\" data-end=\"1892\">in der Regel CHF 600.\u2013 bis CHF 800.\u2013<\/strong> f\u00fcr eine GmbH)<\/p>\n<p data-start=\"1638\" data-end=\"1699\">Die Handelsregistergeb\u00fchren werden direkt vom zust\u00e4ndigen kantonalen Amt in Rechnung gestellt.<\/p>\n<h3 data-start=\"1992\" data-end=\"2009\"><\/h3>\n<p>&nbsp;<\/p>\n<h2 data-start=\"1992\" data-end=\"2009\">Bedingungen<\/h2>\n<p data-start=\"2013\" data-end=\"2120\">Das erforderliche Mindestkapital f\u00fcr eine GmbH betr\u00e4gt <strong data-start=\"2067\" data-end=\"2083\">CHF 20\u2019000.\u2013<\/strong>, das bei der Gr\u00fcndung freigegeben werden muss.<\/p>\n<p data-start=\"2123\" data-end=\"2190\">Die Identit\u00e4tsdokumente der Gesellschafter und Gesch\u00e4ftsf\u00fchrer sind erforderlich (KYC).<\/p>\n<p data-start=\"2193\" data-end=\"2245\">Keine R\u00fcckerstattung nach Beginn des Verfahrens.<\/p>\n<h3 data-start=\"2252\" data-end=\"2287\"><\/h3>\n<p>&nbsp;<\/p>\n<h2 data-start=\"2252\" data-end=\"2287\">F\u00fcr wen ist dieser Service geeignet?<\/h2>\n<p data-start=\"2291\" data-end=\"2325\">Schweizer oder ausl\u00e4ndische Unternehmer. F\u00fcr Ausl\u00e4nder ist ein Schweizer Gesch\u00e4ftsf\u00fchrer erforderlich.<\/p>\n<p data-start=\"2328\" data-end=\"2349\">Start-up-Gr\u00fcnder<\/p>\n<p data-start=\"2352\" data-end=\"2420\">Gruppen von Personen, die ein Projekt mit begrenztem Kapital starten m\u00f6chten<\/p>\n<p data-start=\"2423\" data-end=\"2501\">H\u00e4ndler oder Selbst\u00e4ndige, die ihre pers\u00f6nliche Haftung begrenzen m\u00f6chten<\/p>\n<h2 data-start=\"2508\" data-end=\"2543\"><\/h2>\n<p>&nbsp;<\/p>\n<p>&nbsp;<\/p>\n<p>&nbsp;<\/p>\n<p>&nbsp;<\/p>\n<h2>Fragen &#8211; Antworten<\/h2>\n<h3 data-start=\"2545\" data-end=\"2621\"><\/h3>\n<p>&nbsp;<\/p>\n<p>&nbsp;<\/p>\n<h3 data-start=\"2545\" data-end=\"2621\"><strong data-start=\"2552\" data-end=\"2619\">Muss das Stammkapital bei der Gr\u00fcndung eingezahlt werden?<\/strong><\/h3>\n<p data-start=\"2622\" data-end=\"2778\">Ja. F\u00fcr eine GmbH muss ein Mindestkapital von <strong data-start=\"2664\" data-end=\"2680\">CHF 20\u2019000.\u2013<\/strong> vollst\u00e4ndig freigegeben (Einzahlung auf ein Sperrkonto) sein, bevor die Eintragung im Handelsregister erfolgt.<\/p>\n<h3 data-start=\"2785\" data-end=\"2827\"><\/h3>\n<p>&nbsp;<\/p>\n<h3 data-start=\"2785\" data-end=\"2827\"><strong data-start=\"2792\" data-end=\"2825\">Kann ich eine GmbH allein gr\u00fcnden?<\/strong><\/h3>\n<p data-start=\"2828\" data-end=\"2923\">Ja. Seit den letzten gesetzlichen \u00c4nderungen kann eine GmbH von einem einzigen Gesellschafter gegr\u00fcndet werden.<\/p>\n<h3 data-start=\"2930\" data-end=\"2982\"><\/h3>\n<p>&nbsp;<\/p>\n<h3 data-start=\"2930\" data-end=\"2982\"><strong data-start=\"2937\" data-end=\"2980\">Welche Gesamtkosten sind zu erwarten?<\/strong><\/h3>\n<ul data-start=\"2983\" data-end=\"3207\">\n<li data-start=\"2983\" data-end=\"3028\">\n<p data-start=\"2985\" data-end=\"3028\">CHF 490.\u2013 f\u00fcr notarielle Leistungen<\/p>\n<\/li>\n<li data-start=\"3029\" data-end=\"3060\">\n<p data-start=\"3031\" data-end=\"3060\">CHF 490.\u2013 f\u00fcr HEVEA Invest<\/p>\n<\/li>\n<li data-start=\"3061\" data-end=\"3130\">\n<p data-start=\"3063\" data-end=\"3130\">CHF 600.\u2013 bis CHF 800.\u2013 f\u00fcr die Eintragung im Handelsregister (je nach Kanton)<\/p>\n<\/li>\n<li data-start=\"3131\" data-end=\"3207\">\n<p data-start=\"3133\" data-end=\"3207\">Gesch\u00e4tzte Gesamtkosten (ohne Stammkapital): <strong data-start=\"3170\" data-end=\"3207\">ca. CHF 1\u2019480.\u2013 bis CHF 1\u2019780.\u2013<\/strong><\/p>\n<\/li>\n<\/ul>\n<h3 data-start=\"3214\" data-end=\"3264\"><\/h3>\n<p>&nbsp;<\/p>\n<h3 data-start=\"3214\" data-end=\"3264\"><strong data-start=\"3221\" data-end=\"3262\">Kann ein Sacheinlage eingebracht werden?<\/strong><\/h3>\n<p data-start=\"3265\" data-end=\"3403\">Ja, unser Paket beinhaltet die Erstellung eines Revisionsberichts f\u00fcr Sacheinlagen und deren gesetzliche Pr\u00fcfung durch einen zugelassenen Revisor.<\/p>\n<p data-start=\"3265\" data-end=\"3403\">\n<p data-start=\"3265\" data-end=\"3403\">\n","protected":false},"excerpt":{"rendered":"<p>Vollst\u00e4ndige Gr\u00fcndung Ihrer GmbH in der Schweiz mit notarieller Urkunde, Satzungsdokumenten und Eintragung im Handelsregister.<\/p>\n<p>Rechtliche Begleitung inklusive.<\/p>\n","protected":false},"featured_media":36604,"template":"","meta":[],"product_brand":[],"product_cat":[54],"product_tag":[],"class_list":{"0":"post-36927","1":"product","2":"type-product","3":"status-publish","4":"has-post-thumbnail","6":"product_cat-unkategorisiert","8":"first","9":"instock","10":"downloadable","11":"virtual","12":"purchasable","13":"product-type-simple"},"yoast_head":"<!-- This site is optimized with the Yoast SEO plugin v27.3 - https:\/\/yoast.com\/product\/yoast-seo-wordpress\/ -->\n<title>Gr\u00fcndung einer GmbH in der Schweiz | HEVEA Invest<\/title>\n<meta name=\"description\" content=\"Vollst\u00e4ndige Gr\u00fcndung einer GmbH in der Schweiz. Juristische Begleitung, Vorbereitung der Statuten, notarielle Beurkundung und Eintragung ins Handelsregister.\" \/>\n<meta name=\"robots\" content=\"index, follow, max-snippet:-1, max-image-preview:large, max-video-preview:-1\" \/>\n<link rel=\"canonical\" href=\"https:\/\/www.heveainvest.com\/de\/produit\/gruendung-einer-gmbh-basis-paket\/\" \/>\n<meta property=\"og:locale\" content=\"de_DE\" \/>\n<meta property=\"og:type\" content=\"article\" \/>\n<meta property=\"og:title\" content=\"Gr\u00fcndung einer GmbH in der Schweiz | HEVEA Invest\" \/>\n<meta property=\"og:description\" content=\"Vollst\u00e4ndige Gr\u00fcndung einer GmbH in der Schweiz. Juristische Begleitung, Vorbereitung der Statuten, notarielle Beurkundung und Eintragung ins Handelsregister.\" \/>\n<meta property=\"og:url\" content=\"https:\/\/www.heveainvest.com\/de\/produit\/gruendung-einer-gmbh-basis-paket\/\" \/>\n<meta property=\"og:site_name\" content=\"Heveainvest\" \/>\n<meta property=\"og:image\" content=\"https:\/\/www.heveainvest.com\/wp-content\/uploads\/2025\/10\/creation-entreprise-individuelle-suisse.jpg\" \/>\n\t<meta property=\"og:image:width\" content=\"1000\" \/>\n\t<meta property=\"og:image:height\" content=\"665\" \/>\n\t<meta property=\"og:image:type\" content=\"image\/jpeg\" \/>\n<meta name=\"twitter:card\" content=\"summary_large_image\" \/>\n<meta name=\"twitter:label1\" content=\"Gesch\u00e4tzte Lesezeit\" \/>\n\t<meta name=\"twitter:data1\" content=\"2\u00a0Minuten\" \/>\n<script type=\"application\/ld+json\" class=\"yoast-schema-graph\">{\"@context\":\"https:\\\/\\\/schema.org\",\"@graph\":[{\"@type\":\"WebPage\",\"@id\":\"https:\\\/\\\/www.heveainvest.com\\\/de\\\/produit\\\/gruendung-einer-gmbh-basis-paket\\\/\",\"url\":\"https:\\\/\\\/www.heveainvest.com\\\/de\\\/produit\\\/gruendung-einer-gmbh-basis-paket\\\/\",\"name\":\"Gr\u00fcndung einer GmbH in der Schweiz | HEVEA Invest\",\"isPartOf\":{\"@id\":\"https:\\\/\\\/www.heveainvest.com\\\/de\\\/#website\"},\"primaryImageOfPage\":{\"@id\":\"https:\\\/\\\/www.heveainvest.com\\\/de\\\/produit\\\/gruendung-einer-gmbh-basis-paket\\\/#primaryimage\"},\"image\":{\"@id\":\"https:\\\/\\\/www.heveainvest.com\\\/de\\\/produit\\\/gruendung-einer-gmbh-basis-paket\\\/#primaryimage\"},\"thumbnailUrl\":\"https:\\\/\\\/www.heveainvest.com\\\/wp-content\\\/uploads\\\/2025\\\/10\\\/creation-entreprise-individuelle-suisse.jpg\",\"datePublished\":\"2025-10-21T09:06:55+00:00\",\"description\":\"Vollst\u00e4ndige Gr\u00fcndung einer GmbH in der Schweiz. Juristische Begleitung, Vorbereitung der Statuten, notarielle Beurkundung und Eintragung ins Handelsregister.\",\"breadcrumb\":{\"@id\":\"https:\\\/\\\/www.heveainvest.com\\\/de\\\/produit\\\/gruendung-einer-gmbh-basis-paket\\\/#breadcrumb\"},\"inLanguage\":\"de\",\"potentialAction\":[{\"@type\":\"ReadAction\",\"target\":[\"https:\\\/\\\/www.heveainvest.com\\\/de\\\/produit\\\/gruendung-einer-gmbh-basis-paket\\\/\"]}]},{\"@type\":\"ImageObject\",\"inLanguage\":\"de\",\"@id\":\"https:\\\/\\\/www.heveainvest.com\\\/de\\\/produit\\\/gruendung-einer-gmbh-basis-paket\\\/#primaryimage\",\"url\":\"https:\\\/\\\/www.heveainvest.com\\\/wp-content\\\/uploads\\\/2025\\\/10\\\/creation-entreprise-individuelle-suisse.jpg\",\"contentUrl\":\"https:\\\/\\\/www.heveainvest.com\\\/wp-content\\\/uploads\\\/2025\\\/10\\\/creation-entreprise-individuelle-suisse.jpg\",\"width\":1000,\"height\":665},{\"@type\":\"BreadcrumbList\",\"@id\":\"https:\\\/\\\/www.heveainvest.com\\\/de\\\/produit\\\/gruendung-einer-gmbh-basis-paket\\\/#breadcrumb\",\"itemListElement\":[{\"@type\":\"ListItem\",\"position\":1,\"name\":\"Accueil\",\"item\":\"https:\\\/\\\/www.heveainvest.com\\\/de\\\/\"},{\"@type\":\"ListItem\",\"position\":2,\"name\":\"Shop\",\"item\":\"https:\\\/\\\/www.heveainvest.com\\\/de\\\/shop\\\/\"},{\"@type\":\"ListItem\",\"position\":3,\"name\":\"Gr\u00fcndung einer GmbH \u2013 Basis-Paket\"}]},{\"@type\":\"WebSite\",\"@id\":\"https:\\\/\\\/www.heveainvest.com\\\/de\\\/#website\",\"url\":\"https:\\\/\\\/www.heveainvest.com\\\/de\\\/\",\"name\":\"HEVEA Invest \u00ae\",\"description\":\"Cr\u00e9ation d&#039;entreprise en Suisse\",\"publisher\":{\"@id\":\"https:\\\/\\\/www.heveainvest.com\\\/de\\\/#organization\"},\"potentialAction\":[{\"@type\":\"SearchAction\",\"target\":{\"@type\":\"EntryPoint\",\"urlTemplate\":\"https:\\\/\\\/www.heveainvest.com\\\/de\\\/?s={search_term_string}\"},\"query-input\":{\"@type\":\"PropertyValueSpecification\",\"valueRequired\":true,\"valueName\":\"search_term_string\"}}],\"inLanguage\":\"de\"},{\"@type\":\"Organization\",\"@id\":\"https:\\\/\\\/www.heveainvest.com\\\/de\\\/#organization\",\"name\":\"HEVEA Invest \u00ae\",\"url\":\"https:\\\/\\\/www.heveainvest.com\\\/de\\\/\",\"logo\":{\"@type\":\"ImageObject\",\"inLanguage\":\"de\",\"@id\":\"https:\\\/\\\/www.heveainvest.com\\\/de\\\/#\\\/schema\\\/logo\\\/image\\\/\",\"url\":\"https:\\\/\\\/www.heveainvest.com\\\/wp-content\\\/uploads\\\/2025\\\/09\\\/Logo_Noir_Fond_Transparent_HD.png\",\"contentUrl\":\"https:\\\/\\\/www.heveainvest.com\\\/wp-content\\\/uploads\\\/2025\\\/09\\\/Logo_Noir_Fond_Transparent_HD.png\",\"width\":1000,\"height\":1000,\"caption\":\"HEVEA Invest \u00ae\"},\"image\":{\"@id\":\"https:\\\/\\\/www.heveainvest.com\\\/de\\\/#\\\/schema\\\/logo\\\/image\\\/\"}}]}<\/script>\n<!-- \/ Yoast SEO plugin. -->","yoast_head_json":{"title":"Gr\u00fcndung einer GmbH in der Schweiz | HEVEA Invest","description":"Vollst\u00e4ndige Gr\u00fcndung einer GmbH in der Schweiz. Juristische Begleitung, Vorbereitung der Statuten, notarielle Beurkundung und Eintragung ins Handelsregister.","robots":{"index":"index","follow":"follow","max-snippet":"max-snippet:-1","max-image-preview":"max-image-preview:large","max-video-preview":"max-video-preview:-1"},"canonical":"https:\/\/www.heveainvest.com\/de\/produit\/gruendung-einer-gmbh-basis-paket\/","og_locale":"de_DE","og_type":"article","og_title":"Gr\u00fcndung einer GmbH in der Schweiz | HEVEA Invest","og_description":"Vollst\u00e4ndige Gr\u00fcndung einer GmbH in der Schweiz. Juristische Begleitung, Vorbereitung der Statuten, notarielle Beurkundung und Eintragung ins Handelsregister.","og_url":"https:\/\/www.heveainvest.com\/de\/produit\/gruendung-einer-gmbh-basis-paket\/","og_site_name":"Heveainvest","og_image":[{"width":1000,"height":665,"url":"https:\/\/www.heveainvest.com\/wp-content\/uploads\/2025\/10\/creation-entreprise-individuelle-suisse.jpg","type":"image\/jpeg"}],"twitter_card":"summary_large_image","twitter_misc":{"Gesch\u00e4tzte Lesezeit":"2\u00a0Minuten"},"schema":{"@context":"https:\/\/schema.org","@graph":[{"@type":"WebPage","@id":"https:\/\/www.heveainvest.com\/de\/produit\/gruendung-einer-gmbh-basis-paket\/","url":"https:\/\/www.heveainvest.com\/de\/produit\/gruendung-einer-gmbh-basis-paket\/","name":"Gr\u00fcndung einer GmbH in der Schweiz | HEVEA Invest","isPartOf":{"@id":"https:\/\/www.heveainvest.com\/de\/#website"},"primaryImageOfPage":{"@id":"https:\/\/www.heveainvest.com\/de\/produit\/gruendung-einer-gmbh-basis-paket\/#primaryimage"},"image":{"@id":"https:\/\/www.heveainvest.com\/de\/produit\/gruendung-einer-gmbh-basis-paket\/#primaryimage"},"thumbnailUrl":"https:\/\/www.heveainvest.com\/wp-content\/uploads\/2025\/10\/creation-entreprise-individuelle-suisse.jpg","datePublished":"2025-10-21T09:06:55+00:00","description":"Vollst\u00e4ndige Gr\u00fcndung einer GmbH in der Schweiz. Juristische Begleitung, Vorbereitung der Statuten, notarielle Beurkundung und Eintragung ins Handelsregister.","breadcrumb":{"@id":"https:\/\/www.heveainvest.com\/de\/produit\/gruendung-einer-gmbh-basis-paket\/#breadcrumb"},"inLanguage":"de","potentialAction":[{"@type":"ReadAction","target":["https:\/\/www.heveainvest.com\/de\/produit\/gruendung-einer-gmbh-basis-paket\/"]}]},{"@type":"ImageObject","inLanguage":"de","@id":"https:\/\/www.heveainvest.com\/de\/produit\/gruendung-einer-gmbh-basis-paket\/#primaryimage","url":"https:\/\/www.heveainvest.com\/wp-content\/uploads\/2025\/10\/creation-entreprise-individuelle-suisse.jpg","contentUrl":"https:\/\/www.heveainvest.com\/wp-content\/uploads\/2025\/10\/creation-entreprise-individuelle-suisse.jpg","width":1000,"height":665},{"@type":"BreadcrumbList","@id":"https:\/\/www.heveainvest.com\/de\/produit\/gruendung-einer-gmbh-basis-paket\/#breadcrumb","itemListElement":[{"@type":"ListItem","position":1,"name":"Accueil","item":"https:\/\/www.heveainvest.com\/de\/"},{"@type":"ListItem","position":2,"name":"Shop","item":"https:\/\/www.heveainvest.com\/de\/shop\/"},{"@type":"ListItem","position":3,"name":"Gr\u00fcndung einer GmbH \u2013 Basis-Paket"}]},{"@type":"WebSite","@id":"https:\/\/www.heveainvest.com\/de\/#website","url":"https:\/\/www.heveainvest.com\/de\/","name":"HEVEA Invest \u00ae","description":"Cr\u00e9ation d&#039;entreprise en Suisse","publisher":{"@id":"https:\/\/www.heveainvest.com\/de\/#organization"},"potentialAction":[{"@type":"SearchAction","target":{"@type":"EntryPoint","urlTemplate":"https:\/\/www.heveainvest.com\/de\/?s={search_term_string}"},"query-input":{"@type":"PropertyValueSpecification","valueRequired":true,"valueName":"search_term_string"}}],"inLanguage":"de"},{"@type":"Organization","@id":"https:\/\/www.heveainvest.com\/de\/#organization","name":"HEVEA Invest \u00ae","url":"https:\/\/www.heveainvest.com\/de\/","logo":{"@type":"ImageObject","inLanguage":"de","@id":"https:\/\/www.heveainvest.com\/de\/#\/schema\/logo\/image\/","url":"https:\/\/www.heveainvest.com\/wp-content\/uploads\/2025\/09\/Logo_Noir_Fond_Transparent_HD.png","contentUrl":"https:\/\/www.heveainvest.com\/wp-content\/uploads\/2025\/09\/Logo_Noir_Fond_Transparent_HD.png","width":1000,"height":1000,"caption":"HEVEA Invest \u00ae"},"image":{"@id":"https:\/\/www.heveainvest.com\/de\/#\/schema\/logo\/image\/"}}]}},"_links":{"self":[{"href":"https:\/\/www.heveainvest.com\/de\/wp-json\/wp\/v2\/product\/36927","targetHints":{"allow":["GET"]}}],"collection":[{"href":"https:\/\/www.heveainvest.com\/de\/wp-json\/wp\/v2\/product"}],"about":[{"href":"https:\/\/www.heveainvest.com\/de\/wp-json\/wp\/v2\/types\/product"}],"wp:featuredmedia":[{"embeddable":true,"href":"https:\/\/www.heveainvest.com\/de\/wp-json\/wp\/v2\/media\/36604"}],"wp:attachment":[{"href":"https:\/\/www.heveainvest.com\/de\/wp-json\/wp\/v2\/media?parent=36927"}],"wp:term":[{"taxonomy":"product_brand","embeddable":true,"href":"https:\/\/www.heveainvest.com\/de\/wp-json\/wp\/v2\/product_brand?post=36927"},{"taxonomy":"product_cat","embeddable":true,"href":"https:\/\/www.heveainvest.com\/de\/wp-json\/wp\/v2\/product_cat?post=36927"},{"taxonomy":"product_tag","embeddable":true,"href":"https:\/\/www.heveainvest.com\/de\/wp-json\/wp\/v2\/product_tag?post=36927"}],"curies":[{"name":"wp","href":"https:\/\/api.w.org\/{rel}","templated":true}]}}